{"id":10957,"date":"2026-01-08T12:39:40","date_gmt":"2026-01-08T11:39:40","guid":{"rendered":"https:\/\/www.kchch.sk\/sighthound-ss-cac-02-03-2024-vinicne\/"},"modified":"2026-01-08T12:41:24","modified_gmt":"2026-01-08T11:41:24","slug":"sighthound-ss-cac-07-03-2026-vinicne","status":"publish","type":"page","link":"https:\/\/www.kchch.sk\/en\/sighthound-ss-cac-07-03-2026-vinicne\/","title":{"rendered":"Sighthound Specialty show CAC 07.03.2026, Vini\u010dn\u00e9"},"content":{"rendered":"\t\t<div data-elementor-type=\"wp-page\" data-elementor-id=\"10957\" class=\"elementor elementor-10957 elementor-10949\" data-elementor-post-type=\"page\">\n\t\t\t\t<div class=\"elementor-element elementor-element-13945b8 e-flex e-con-boxed e-con e-parent\" data-id=\"13945b8\" data-element_type=\"container\" data-e-type=\"container\">\n\t\t\t\t\t<div class=\"e-con-inner\">\n\t\t\t\t<div class=\"elementor-element elementor-element-0852af9 elementor-widget elementor-widget-heading\" data-id=\"0852af9\" data-element_type=\"widget\" data-e-type=\"widget\" data-widget_type=\"heading.default\">\n\t\t\t\t<div class=\"elementor-widget-container\">\n\t\t\t\t\t<h1 class=\"elementor-heading-title elementor-size-default\">Sighthound Specialty show CAC 07.03.2026, Vini\u010dn\u00e9<\/h1>\t\t\t\t<\/div>\n\t\t\t\t<\/div>\n\t\t\t\t<div class=\"elementor-element elementor-element-d425eb4 elementor-widget elementor-widget-text-editor\" data-id=\"d425eb4\" data-element_type=\"widget\" data-e-type=\"widget\" data-widget_type=\"text-editor.default\">\n\t\t\t\t<div class=\"elementor-widget-container\">\n\t\t\t\t\t\t\t\t\t<p><strong>Show Ground:<\/strong><br \/>Spolo\u010densk\u00fd dom Vini\u010dn\u00e9 <br \/>Cintor\u00ednska 1000\/13, <br \/>900 23 Vini\u010dn\u00e9 <br \/>GPS: 48.2698, 17.2969 <\/p>\t\t\t\t\t\t\t\t<\/div>\n\t\t\t\t<\/div>\n\t\t\t\t<div class=\"elementor-element elementor-element-6263a14 elementor-widget elementor-widget-google_maps\" data-id=\"6263a14\" data-element_type=\"widget\" data-e-type=\"widget\" data-widget_type=\"google_maps.default\">\n\t\t\t\t<div class=\"elementor-widget-container\">\n\t\t\t\t\t\t\t<div class=\"elementor-custom-embed\">\n\t\t\t<iframe loading=\"lazy\"\n\t\t\t\t\tsrc=\"https:\/\/maps.google.com\/maps?q=Vini%C4%8Dn%C3%A9%2C%20Okr.%20Pezinok%2C%20Dom%20Kultury%2C%20Slovensko&#038;t=m&#038;z=10&#038;output=embed&#038;iwloc=near\"\n\t\t\t\t\ttitle=\"Vini\u010dn\u00e9, Okr. Pezinok, Dom Kultury, Slovensko\"\n\t\t\t\t\taria-label=\"Vini\u010dn\u00e9, Okr. Pezinok, Dom Kultury, Slovensko\"\n\t\t\t><\/iframe>\n\t\t<\/div>\n\t\t\t\t\t\t<\/div>\n\t\t\t\t<\/div>\n\t\t\t\t<div class=\"elementor-element elementor-element-56c0590 elementor-widget elementor-widget-text-editor\" data-id=\"56c0590\" data-element_type=\"widget\" data-e-type=\"widget\" data-widget_type=\"text-editor.default\">\n\t\t\t\t<div class=\"elementor-widget-container\">\n\t\t\t\t\t\t\t\t\t<div><strong>Daily shedule:<\/strong><\/div><div>08:00-9:30 Presentation<\/div><div>10:00 Judging<\/div><div>14:00 Main ring competition<\/div><div>\u00a0<\/div><div><strong>Judges:<\/strong><\/div><div><p><strong>Judges: Ring nr. 1 &#8211; Peter Mazura, A<\/strong> <br \/>Azawakh, Deerhound, Galgo espa\u0148ol, Greyhound, Chart polski, Magyar agar, Saluki, Sloughi, PLI, Silken Windsprite <br \/><strong>Ring nr. 2 &#8211; Aleksandra K. Gajinovi\u010d,SRB<\/strong> <br \/>Afghan hound, IW, Whippet <br \/><strong>Ring nr..3 &#8211; Fintorov\u00e1 \u013dudmila, SK<\/strong> <br \/>Cirneco dell Etna, Pharao hound, Podenco ibicenco, Podenco portugues<\/p><\/div><div><strong>Classes:<\/strong><\/div><div>Minor puppy class \u2013 3 \u2013 6 months <br \/>Puppy class \u2013 6 \u2013 9 months <br \/>Junior class \u2013 9 \u2013 18 months <br \/>Intermediate class \u2013 15 \u2013 24 months <br \/>Open class \u2013 from 15 months <br \/>Working class \u2013 above 15 months old (with national working certificate) <br \/>Champion class -above 15 months (with champion certificate)<br \/>Veteran class \u2013 above 8 years old<br \/>Honour class \u2013 for Ch, Ich, Club winner or National winner (cannot win the title Specialty Winner nor BOB)<\/div><div>\u00a0<\/div><div><strong>Titles:<\/strong> <br \/>CAJC, CAC, Junior BOB, BOB, BOS <br \/>Specialty Winner 2026 = CAJC <br \/>Specialty Junior Winner 2026 &#8211; males, respectively females, awarded CAC in the intermediate, open, working, and champion class shall come forward for the pick BOB &#8211; Junior BOB, the male and female Club Winner 2026 and the veteran class winners shall come forward for the pick <br \/>BOS &#8211; it is awarded to the best dog or bitch of the opposite sex to the BOB<\/div><div>\u00a0<\/div><div><strong>Competitions:<\/strong> <br \/><strong>The best brace<\/strong> \u2013 an owner can enter his\/her male and female of the same breed that have been both judged at the show to this final ring competition. The way the brace is balanced, while still the standards on gender expression are observed, is evaluated.<br \/><strong>The best breeder\u2019s group<\/strong> \u2013 a breeder can enter three dogs of the same breed from his breeding to this final ring competition. The dogs don\u2019t necessarily need to be in his\/her ownership, but all need to have been judged at the show. The dogs must come from the same kennel and they need to come from various litters, but from two various sires or dams at least. Presented males and females are judged for balanced type, colour, quality, etc.<\/div><div>\u00a0<\/div><div><strong>Final competitions:<\/strong><br \/>Child and Dog <br \/>Minor puppy BIS \u2013 1st, 2nd, 3rd place <br \/>Best brace \u2013 1st, 2nd, 3rd place <br \/>Puppy BIS \u2013 1st, 2nd, 3rd place <br \/>Best Breeding Group \u2013 1st, 2nd, 3rd place <br \/>Veteran BIS \u2013 1st, 2nd, 3rd place <br \/>BIS Honour classes \u2013 1st, 2nd, 3rd place <br \/>Junior BIS \u2013 1st, 2nd, 3rd place <br \/>BEST IN SHOW\u2013 1st, 2nd, 3rd place<\/div><div>\u00a0<\/div><div>Reviews will be written at the show. By submitting the entry of his\/her dog the exhibitor is obliged to abide by the SKJ show regulations and Slovak veterinary rules. The exhibitor is giving his\/ her permission to publish his\/her adress in the exhibition catalog and on the website of the organizer. He\/she also agrees with publishing pictures, results and critiques of his\/her dog as much as needed by the organizer, the SKJ or partners of the show. The entry of a dog is financially binding. By registering a dog, the exhibitor undertakes to pay all fees.<\/div><div>\u00a0<\/div><div><strong>Entry fees:<\/strong><\/div>\t\t\t\t\t\t\t\t<\/div>\n\t\t\t\t<\/div>\n\t\t<div class=\"elementor-element elementor-element-523b119 e-flex e-con-boxed e-con e-child\" data-id=\"523b119\" data-element_type=\"container\" data-e-type=\"container\" data-settings=\"{&quot;background_background&quot;:&quot;classic&quot;}\">\n\t\t\t\t\t<div class=\"e-con-inner\">\n\t\t\t\t<div class=\"elementor-element elementor-element-135c2c3 elementor-widget elementor-widget-text-editor\" data-id=\"135c2c3\" data-element_type=\"widget\" data-e-type=\"widget\" data-widget_type=\"text-editor.default\">\n\t\t\t\t<div class=\"elementor-widget-container\">\n\t\t\t\t\t\t\t\t\t<p><strong>CLOSING DATE: 21.2.2026<br \/>ENTRY:<\/strong> <strong><a href=\"https:\/\/clubdogshow.sk\/\" target=\"_blank\" rel=\"noopener noreferrer nofollow\">https:\/\/clubdogshow.sk\/<\/a><\/strong><\/p>\t\t\t\t\t\t\t\t<\/div>\n\t\t\t\t<\/div>\n\t\t\t\t<div class=\"elementor-element elementor-element-01fba47 elementor-widget elementor-widget-image\" data-id=\"01fba47\" data-element_type=\"widget\" data-e-type=\"widget\" data-widget_type=\"image.default\">\n\t\t\t\t<div class=\"elementor-widget-container\">\n\t\t\t\t\t\t\t\t\t\t\t\t\t\t\t\t<a href=\"https:\/\/clubdogshow.sk\" target=\"_blank\" rel=\"noopener noreferrer nofollow\">\n\t\t\t\t\t\t\t<img decoding=\"async\" width=\"200\" height=\"60\" src=\"https:\/\/www.kchch.sk\/wp-content\/uploads\/2023\/05\/clubdogshow.png\" class=\"attachment-full size-full wp-image-8346\" alt=\"https:\/\/clubdogshow.sk\/\" \/>\t\t\t\t\t\t\t\t<\/a>\n\t\t\t\t\t\t\t\t\t\t\t\t\t\t\t<\/div>\n\t\t\t\t<\/div>\n\t\t\t\t\t<\/div>\n\t\t\t\t<\/div>\n\t\t\t\t<div class=\"elementor-element elementor-element-63f1f80 elementor-widget elementor-widget-shortcode\" data-id=\"63f1f80\" data-element_type=\"widget\" data-e-type=\"widget\" data-widget_type=\"shortcode.default\">\n\t\t\t\t<div class=\"elementor-widget-container\">\n\t\t\t\t\t\t\t<div class=\"elementor-shortcode\"><div class=\"supsystic-table-loader spinner\"style=\"background-color:#000000\"><\/div><div id=\"supsystic-table-10_21518\" class=\"supsystic-tables-wrap \" style=\" width:100%; visibility: hidden; \" data-table-width-fixed=\"100%\" data-table-width-mobile=\"100%\" ><table id=\"supsystic-table-10\" class=\"supsystic-table border lightboxImg cell-border\" data-id=\"10\" data-view-id=\"10_21518\" data-title=\"Poplatky SV 7.3.2026-EN\" data-currency-format=\"$1,000.00\" data-percent-format=\"10.00%\" data-date-format=\"DD.MM.YYYY\" data-time-format=\"HH:mm\" data-features=\"[&quot;after_table_loaded_script&quot;]\" data-search-value=\"\" data-lightbox-img=\"\" data-head-rows-count=\"1\" data-pagination-length=\"50,100,All\" data-auto-index=\"off\" data-searching-settings=\"{&quot;columnSearchPosition&quot;:&quot;bottom&quot;,&quot;minChars&quot;:&quot;0&quot;}\" data-lang=\"default\" data-override=\"{&quot;emptyTable&quot;:&quot;&quot;,&quot;info&quot;:&quot;&quot;,&quot;infoEmpty&quot;:&quot;&quot;,&quot;infoFiltered&quot;:&quot;&quot;,&quot;lengthMenu&quot;:&quot;&quot;,&quot;search&quot;:&quot;&quot;,&quot;previous&quot;:&quot;&quot;,&quot;next&quot;:&quot;&quot;,&quot;zeroRecords&quot;:&quot;&quot;,&quot;exportLabel&quot;:&quot;&quot;,&quot;file&quot;:&quot;default&quot;}\" data-merged=\"[{&quot;row&quot;:10,&quot;col&quot;:0,&quot;rowspan&quot;:1,&quot;colspan&quot;:3,&quot;removed&quot;:false},{&quot;row&quot;:0,&quot;col&quot;:0,&quot;rowspan&quot;:1,&quot;colspan&quot;:3,&quot;removed&quot;:false}]\" data-responsive-mode=\"0\" data-from-history=\"0\" ><thead><tr><th class=\"\" style=\"width:; padding: 0 !important;\"><\/th><th class=\"\" style=\"width:; padding: 0 !important;\"><\/th><th class=\"\" style=\"width:; padding: 0 !important;\"><\/th><\/tr><\/thead><tbody><tr style=\"height:px\" ><td data-cell-id=\"A1\" data-x=\"0\" data-y=\"1\" data-db-index=\"1\" class=\"color-000000 htCenter bg-ffbb33\" data-cell-type=\"text\" data-original-value=\"Closing Date 21.02.2026\" data-order=\"Closing Date 21.02.2026\" style=\"min-width:52.6387%; \" data-colspan=\"3\" data-rowspan=\"1\" >Closing Date 21.02.2026 <\/td><td data-cell-id=\"B1\" data-x=\"1\" data-y=\"1\" data-db-index=\"1\" class=\"color-000000 htCenter bg-ffbb33\" data-cell-type=\"text\" data-original-value=\"\" data-order=\"\" style=\"min-width:25.3045%; \" data-hide=\"true\" ><\/td><td data-cell-id=\"C1\" data-x=\"2\" data-y=\"1\" data-db-index=\"1\" class=\"color-000000 htCenter bg-ffbb33\" data-cell-type=\"text\" data-original-value=\"\" data-order=\"\" style=\"min-width:22.0568%; \" data-hide=\"true\" ><\/td><\/tr><tr style=\"height:px\" ><td data-cell-id=\"A2\" data-x=\"0\" data-y=\"2\" data-db-index=\"2\" class=\"bg-33022f color-ffffff\" data-cell-type=\"text\" data-original-value=\"Fees\" data-order=\"Fees\" >Fees <\/td><td data-cell-id=\"B2\" data-x=\"1\" data-y=\"2\" data-db-index=\"2\" class=\"bg-33022f color-ffffff htCenter\" data-cell-type=\"text\" data-original-value=\"Member SKChCh\" data-order=\"Member SKChCh\" >Member SKChCh <\/td><td data-cell-id=\"C2\" data-x=\"2\" data-y=\"2\" data-db-index=\"2\" class=\"bg-33022f color-ffffff htCenter\" data-cell-type=\"text\" data-original-value=\"Non-member SKChCh\" data-order=\"Non-member SKChCh\" >Non-member SKChCh <\/td><\/tr><tr style=\"height:px\" ><td data-cell-id=\"A3\" data-x=\"0\" data-y=\"3\" data-db-index=\"3\" class=\"\" data-cell-type=\"text\" data-original-value=\"Per 1st dog including catalogue \" data-order=\"Per 1st dog including catalogue \" >Per 1st dog including catalogue <\/td><td data-cell-id=\"B3\" data-x=\"1\" data-y=\"3\" data-db-index=\"3\" class=\"htCenter htMiddle\" data-cell-type=\"text\" data-original-value=\"35\u20ac\" data-order=\"35\u20ac\" >35\u20ac <\/td><td data-cell-id=\"C3\" data-x=\"2\" data-y=\"3\" data-db-index=\"3\" class=\"htCenter htMiddle\" data-cell-type=\"text\" data-original-value=\"40\u20ac\" data-order=\"40\u20ac\" >40\u20ac <\/td><\/tr><tr style=\"height:px\" ><td data-cell-id=\"A4\" data-x=\"0\" data-y=\"4\" data-db-index=\"4\" class=\"\" data-cell-type=\"text\" data-original-value=\"Per 2nd and every additional dog\" data-order=\"Per 2nd and every additional dog\" >Per 2nd and every additional dog <\/td><td data-cell-id=\"B4\" data-x=\"1\" data-y=\"4\" data-db-index=\"4\" class=\"htCenter htMiddle\" data-cell-type=\"text\" data-original-value=\"30\u20ac\" data-order=\"30\u20ac\" >30\u20ac <\/td><td data-cell-id=\"C4\" data-x=\"2\" data-y=\"4\" data-db-index=\"4\" class=\"htCenter htMiddle\" data-cell-type=\"text\" data-original-value=\"35\u20ac\" data-order=\"35\u20ac\" >35\u20ac <\/td><\/tr><tr style=\"height:px\" ><td data-cell-id=\"A5\" data-x=\"0\" data-y=\"5\" data-db-index=\"5\" class=\"\" data-cell-type=\"text\" data-original-value=\"Per dog in Honour class\" data-order=\"Per dog in Honour class\" >Per dog in Honour class <\/td><td data-cell-id=\"B5\" data-x=\"1\" data-y=\"5\" data-db-index=\"5\" class=\"htCenter htMiddle\" data-cell-type=\"text\" data-original-value=\"20\u20ac\" data-order=\"20\u20ac\" >20\u20ac <\/td><td data-cell-id=\"C5\" data-x=\"2\" data-y=\"5\" data-db-index=\"5\" class=\"htCenter htMiddle\" data-cell-type=\"text\" data-original-value=\"20\u20ac\" data-order=\"20\u20ac\" >20\u20ac <\/td><\/tr><tr style=\"height:px\" ><td data-cell-id=\"A6\" data-x=\"0\" data-y=\"6\" data-db-index=\"6\" class=\"\" data-cell-type=\"text\" data-original-value=\"Per dog in Baby, Puppy, Veteran class\" data-order=\"Per dog in Baby, Puppy, Veteran class\" >Per dog in Baby, Puppy, Veteran class <\/td><td data-cell-id=\"B6\" data-x=\"1\" data-y=\"6\" data-db-index=\"6\" class=\"htCenter htMiddle\" data-cell-type=\"text\" data-original-value=\"20\u20ac\" data-order=\"20\u20ac\" >20\u20ac <\/td><td data-cell-id=\"C6\" data-x=\"2\" data-y=\"6\" data-db-index=\"6\" class=\"htCenter htMiddle\" data-cell-type=\"text\" data-original-value=\"20\u20ac\" data-order=\"20\u20ac\" >20\u20ac <\/td><\/tr><tr style=\"height:px\" ><td data-cell-id=\"A7\" data-x=\"0\" data-y=\"7\" data-db-index=\"7\" class=\"\" data-cell-type=\"text\" data-original-value=\"Best brace, Best breeding group\" data-order=\"Best brace, Best breeding group\" >Best brace, Best breeding group <\/td><td data-cell-id=\"B7\" data-x=\"1\" data-y=\"7\" data-db-index=\"7\" class=\"htCenter htMiddle\" data-cell-type=\"text\" data-original-value=\"15\u20ac\" data-order=\"15\u20ac\" >15\u20ac <\/td><td data-cell-id=\"C7\" data-x=\"2\" data-y=\"7\" data-db-index=\"7\" class=\"htCenter htMiddle\" data-cell-type=\"text\" data-original-value=\"15\u20ac\" data-order=\"15\u20ac\" >15\u20ac <\/td><\/tr><tr style=\"height:px\" ><td data-cell-id=\"A8\" data-x=\"0\" data-y=\"8\" data-db-index=\"8\" class=\"\" data-cell-type=\"text\" data-original-value=\"Child and dog (0-6 years)\" data-order=\"Child and dog (0-6 years)\" >Child and dog (0-6 years) <\/td><td data-cell-id=\"B8\" data-x=\"1\" data-y=\"8\" data-db-index=\"8\" class=\"htCenter htMiddle\" data-cell-type=\"text\" data-original-value=\"free\" data-order=\"free\" >free <\/td><td data-cell-id=\"C8\" data-x=\"2\" data-y=\"8\" data-db-index=\"8\" class=\"htCenter htMiddle\" data-cell-type=\"text\" data-original-value=\"free\" data-order=\"free\" >free <\/td><\/tr><tr style=\"height:px\" ><td data-cell-id=\"A9\" data-x=\"0\" data-y=\"9\" data-db-index=\"9\" class=\"\" data-cell-type=\"text\" data-original-value=\"Child and dog (7-15 years)\" data-order=\"Child and dog (7-15 years)\" >Child and dog (7-15 years) <\/td><td data-cell-id=\"B9\" data-x=\"1\" data-y=\"9\" data-db-index=\"9\" class=\"htCenter\" data-cell-type=\"text\" data-original-value=\"free\" data-order=\"free\" >free <\/td><td data-cell-id=\"C9\" data-x=\"2\" data-y=\"9\" data-db-index=\"9\" class=\"htCenter\" data-cell-type=\"text\" data-original-value=\"free\" data-order=\"free\" >free <\/td><\/tr><tr style=\"height:px\" ><td data-cell-id=\"A10\" data-x=\"0\" data-y=\"10\" data-db-index=\"10\" class=\"\" data-cell-type=\"text\" data-original-value=\"Junior Handling (9-17 years old) \" data-order=\"Junior Handling (9-17 years old) \" >Junior Handling (9-17 years old) <\/td><td data-cell-id=\"B10\" data-x=\"1\" data-y=\"10\" data-db-index=\"10\" class=\"htCenter htMiddle\" data-cell-type=\"text\" data-original-value=\"free\" data-order=\"free\" >free <\/td><td data-cell-id=\"C10\" data-x=\"2\" data-y=\"10\" data-db-index=\"10\" class=\"htCenter htMiddle\" data-cell-type=\"text\" data-original-value=\"free\" data-order=\"free\" >free <\/td><\/tr><tr style=\"height:px\" ><td data-cell-id=\"A11\" data-x=\"0\" data-y=\"11\" data-db-index=\"11\" class=\"\" data-cell-type=\"text\" data-original-value=\"Dogs registered in baby, puppy, honorary and veteran classes are not considered the first dog and the discount on the fee for the 2nd and every other dog does not apply to them.\" data-order=\"Dogs registered in baby, puppy, honorary and veteran classes are not considered the first dog and the discount on the fee for the 2nd and every other dog does not apply to them.\" data-colspan=\"3\" data-rowspan=\"1\" >Dogs registered in baby, puppy, honorary and veteran classes are not considered the first dog and the discount on the fee for the 2nd and every other dog does not apply to them. <\/td><td data-cell-id=\"B11\" data-x=\"1\" data-y=\"11\" data-db-index=\"11\" class=\"\" data-cell-type=\"text\" data-original-value=\"\" data-order=\"\" data-hide=\"true\" ><\/td><td data-cell-id=\"C11\" data-x=\"2\" data-y=\"11\" data-db-index=\"11\" class=\"\" data-cell-type=\"text\" data-original-value=\"\" data-order=\"\" data-hide=\"true\" ><\/td><\/tr><\/tbody><\/table><!-- \/#supsystic-table-10.supsystic-table --><\/div><!-- \/.supsystic-tables-wrap --><!-- Tables Generator by Supsystic --><!-- Version:1.11.0 --><!-- http:\/\/supsystic.com\/ --><a title=\"WP DataTables\" style=\"display:none;\" href=\"https:\/\/supsystic.com\/plugins\/wordpress-data-table-plugin\/?utm_medium=love_link\" target=\"_blank\" rel=\"noopener noreferrer nofollow\">WP DataTables<\/a><\/div>\n\t\t\t\t\t\t<\/div>\n\t\t\t\t<\/div>\n\t\t\t\t<div class=\"elementor-element elementor-element-e4a717f elementor-widget elementor-widget-text-editor\" data-id=\"e4a717f\" data-element_type=\"widget\" data-e-type=\"widget\" data-widget_type=\"text-editor.default\">\n\t\t\t\t<div class=\"elementor-widget-container\">\n\t\t\t\t\t\t\t\t\t<div><strong>Bank account:<\/strong> SLSP a.s. 0011468215\/0900 <br \/>SK27 0900 0000 0000 1146 8215, VS: 032026, note: exhibitors name<\/div><div>\u00a0<\/div><div><strong>Show Ground Spolo\u010densk\u00fd dom Vini\u010dn\u00e9<\/strong><br \/>Cintor\u00ednska 1000\/13, <br \/>900 23 Vini\u010dn\u00e9 <br \/>GPS: 48.2698, 17.2969<\/div><div>\u00a0<\/div><div><strong>General provisions<br \/><\/strong>The show is organized according to the reglements of SKJ and the regulations issued by the organizer. Only individuals registered in the studbooks recognized by the FCI can take part in the show. A readable copy of the dog\u2019s original pedigree must be attached to each application. Each entered dog registered must have a pedigree, proof of registration (puppy card) is not enough. Applications for dogs for which the pedigree certificate issued by the FCI-recognized studbook will not be uploaded to the online system will be automatically deleted (this also applies to minor puppy and puppy classes). The organizer has the right not to accept the application without stating the reason. It is not possible to enter a dog on the day of the show. It is not possible to transfer a dog to another class on the day of the show. If the show is not held for reasons beyond the control of the organizer, the entry fees will be used to cover the incurred costs.<strong><br \/><\/strong><\/div><div><p>The judge is obliged to exclude aggressive dogs from judging. Provoking dogs against each other is not allowed. The use of sprays, powders and other cosmetic products is prohibited. Double handling of dogs from outside of the ring is prohibited. It is strictly forbidden to leave dogs tied up on trimming tables except the time they are being prepared for the show (trimmed, brushed or combed). Violation of these prohibitions may result in the exclusion of the dog from the show. The reason why the jugment of UNABLE TO ASSESS was entered must be stated in the assessment.<\/p><p>The judges judge according to valid breed standards issued by the Federation Cynologique Internationale (FCI). The judge may refuse to judge a dog that enters the ring late. The judge is obliged to refuse to judge a dog whose owner does not present the dog\u2019s pedigree at the request of the ring steward.<\/p><\/div><div>\u00a0<\/div><div>The sale of puppies at the exhibition is strictly prohibited!<\/div><div><p>The organizer is not responsible for damages caused by the dog or the dog. The owner is responsible himself for all damages caused by his dog. Free running of dogs around the showground is prohibited. The exhibitor is responsible for the well-being of his dog at the show. He must not expose him to situations that could endanger his health or even his life, e.g. leave it in the car in extreme winter or heat or treat it cruelly. Anyone who violates these principles will be excluded from this and subsequent shows. The exhibitor by entering the dog for the show as a person concerned in accordance with \u00a7 13 of Act no. 18\/2018 Coll. on the protection of personal data, gives its consent to the organizer for the processing of his personal data (name, surname) and agrees to their publication (name, surname), photo documentation and results of the show on the organizer\u2019s website.<\/p><p>The organizer has the right not to allow the exhibitor to participate in the show (whether in the breed ring or in the final ring), if the exhibitor does not use and properly wear the correct and visible catalog number of the individual he is exhibiting!<\/p><\/div><div><strong>Veterinary regulations<\/strong> <br \/>Each dog must be clinically healthy and accompanied by a valid health certificate (or passport) with a valid vaccination against Rabies, Distemper, Parvovirus, inf. Canine Hepatitis, inf. Laryngotracheitis, Parainfluenza, and Leptospirosis. Dogs from abroad must have a PET PASSPORT with valid vaccinations.<\/div>\t\t\t\t\t\t\t\t<\/div>\n\t\t\t\t<\/div>\n\t\t\t\t\t<\/div>\n\t\t\t\t<\/div>\n\t\t\t\t<\/div>\n\t\t","protected":false},"excerpt":{"rendered":"<p>Proposition Sighthound Specialty show CAC15.3.2025 Vini\u010dne.<\/p>\n","protected":false},"author":1,"featured_media":16228,"parent":0,"menu_order":76,"comment_status":"closed","ping_status":"closed","template":"","meta":{"slim_seo":{"title":"Sighthound Specialty show CAC 07.03.2026, Vini\u010dn\u00e9 - KCHCH","description":"Proposition Sighthound Specialty show CAC15.3.2025 Vini\u010dne."},"iawp_total_views":487,"footnotes":""},"class_list":["post-10957","page","type-page","status-publish","has-post-thumbnail","hentry"],"_links":{"self":[{"href":"https:\/\/www.kchch.sk\/en\/wp-json\/wp\/v2\/pages\/10957","targetHints":{"allow":["GET"]}}],"collection":[{"href":"https:\/\/www.kchch.sk\/en\/wp-json\/wp\/v2\/pages"}],"about":[{"href":"https:\/\/www.kchch.sk\/en\/wp-json\/wp\/v2\/types\/page"}],"author":[{"embeddable":true,"href":"https:\/\/www.kchch.sk\/en\/wp-json\/wp\/v2\/users\/1"}],"replies":[{"embeddable":true,"href":"https:\/\/www.kchch.sk\/en\/wp-json\/wp\/v2\/comments?post=10957"}],"version-history":[{"count":0,"href":"https:\/\/www.kchch.sk\/en\/wp-json\/wp\/v2\/pages\/10957\/revisions"}],"wp:featuredmedia":[{"embeddable":true,"href":"https:\/\/www.kchch.sk\/en\/wp-json\/wp\/v2\/media\/16228"}],"wp:attachment":[{"href":"https:\/\/www.kchch.sk\/en\/wp-json\/wp\/v2\/media?parent=10957"}],"curies":[{"name":"wp","href":"https:\/\/api.w.org\/{rel}","templated":true}]}}