{"id":12775,"date":"2024-05-26T16:20:18","date_gmt":"2024-05-26T14:20:18","guid":{"rendered":"https:\/\/www.kchch.sk\/irsky-vlkodav\/longevity-certificate\/"},"modified":"2024-06-02T09:44:16","modified_gmt":"2024-06-02T07:44:16","slug":"longevity-certificate","status":"publish","type":"page","link":"https:\/\/www.kchch.sk\/en\/irsky-vlkodav\/longevity-certificate\/","title":{"rendered":"Longevity certificate"},"content":{"rendered":"\t\t<div data-elementor-type=\"wp-page\" data-elementor-id=\"12775\" class=\"elementor elementor-12775 elementor-9282\" data-elementor-post-type=\"page\">\n\t\t\t\t<div class=\"elementor-element elementor-element-ab924b7 e-flex e-con-boxed e-con e-parent\" data-id=\"ab924b7\" data-element_type=\"container\" data-e-type=\"container\">\n\t\t\t\t\t<div class=\"e-con-inner\">\n\t\t\t\t<div class=\"elementor-element elementor-element-40d10a2 elementor-widget elementor-widget-heading\" data-id=\"40d10a2\" data-element_type=\"widget\" data-e-type=\"widget\" data-widget_type=\"heading.default\">\n\t\t\t\t<div class=\"elementor-widget-container\">\n\t\t\t\t\t<h2 class=\"elementor-heading-title elementor-size-default\">The Irish Wolfhound Longevity Project\n<\/h2>\t\t\t\t<\/div>\n\t\t\t\t<\/div>\n\t\t\t\t<div class=\"elementor-element elementor-element-4cbdd30 elementor-align-justify elementor-widget elementor-widget-button\" data-id=\"4cbdd30\" data-element_type=\"widget\" data-e-type=\"widget\" data-widget_type=\"button.default\">\n\t\t\t\t<div class=\"elementor-widget-container\">\n\t\t\t\t\t\t\t\t\t<div class=\"elementor-button-wrapper\">\n\t\t\t\t\t<a class=\"elementor-button elementor-button-link elementor-size-sm\" href=\"#vydanecert\">\n\t\t\t\t\t\t<span class=\"elementor-button-content-wrapper\">\n\t\t\t\t\t\t\t\t\t<span class=\"elementor-button-text\">ISSUED CERTIFICATES \/click\/<\/span>\n\t\t\t\t\t<\/span>\n\t\t\t\t\t<\/a>\n\t\t\t\t<\/div>\n\t\t\t\t\t\t\t\t<\/div>\n\t\t\t\t<\/div>\n\t\t\t\t<div class=\"elementor-element elementor-element-0201c43 elementor-widget elementor-widget-text-editor\" data-id=\"0201c43\" data-element_type=\"widget\" data-e-type=\"widget\" data-widget_type=\"text-editor.default\">\n\t\t\t\t<div class=\"elementor-widget-container\">\n\t\t\t\t\t\t\t\t\t<p>The aim of the Irish Wolfhound Longevity Project is to provide long-term visibility<br \/>and insight into the overall health of the breed and specifically longevity in genetic lines in Europe. We want to appreciate IWs living or raised in Slovakia who have reached the age of 10 or more in good health.<\/p>\n<h4>Conditions<\/h4>\n<ul>\n<li>All IWs with proof of origin who have reached the age of 10 years.<\/li>\n<li>The dog must be clearly identified by microchip or tattoo.<\/li>\n<li>The certificate is issued only to living individuals.<\/li>\n<li>The owner or breeder applying for a certificate must be a member of the SKCHCH club.<\/li>\n<li>The dog must be checked by a veterinarian to confirm that it is in good health, given its age.<\/li>\n<\/ul>\n<p>The electronic version of the certificate is free for KCHCH members and can be requested by the dog&#8217;s owner or breeder. The certificate will be handed over in person<br \/>either at a KCHCH club event or at a KCHCH meeting.<\/p>\n<p>If you want to apply, fill out the form that will be sent to the project coordinator: <a href=\"mailto:martina.holbova@gmail.com\">martina.holbova@gmail.com<\/a>.<\/p>\n<h4>Necessary documentation<\/h4>\n<ul>\n<li>Completed form (found below) &#8211; including attachment of verification by a certified veterinarian.<\/li>\n<li>A copy of the family tree as an attachment to the form.\n<p>In case of any questions regarding the Longevity Project or the application process, please write to Martina Holbova, the project coordinator (<a href=\"mailto:martina.holbova@gmail.com\">martina.holbova@gmail.com<\/a>).<\/p>\n<\/li>\n<\/ul>\n\t\t\t\t\t\t\t\t<\/div>\n\t\t\t\t<\/div>\n\t\t\t\t<div class=\"elementor-element elementor-element-ea05205 elementor-align-justify elementor-widget elementor-widget-button\" data-id=\"ea05205\" data-element_type=\"widget\" data-e-type=\"widget\" data-widget_type=\"button.default\">\n\t\t\t\t<div class=\"elementor-widget-container\">\n\t\t\t\t\t\t\t\t\t<div class=\"elementor-button-wrapper\">\n\t\t\t\t\t<a class=\"elementor-button elementor-button-link elementor-size-sm\" href=\"https:\/\/www.kchch.sk\/wp-content\/uploads\/2024\/05\/Fomular-vet-potvrdenie.pdf\" target=\"_blank\">\n\t\t\t\t\t\t<span class=\"elementor-button-content-wrapper\">\n\t\t\t\t\t\t\t\t\t<span class=\"elementor-button-text\">SK Formul\u00e1r veterin\u00e1rneho potvrdenia .pdf<\/span>\n\t\t\t\t\t<\/span>\n\t\t\t\t\t<\/a>\n\t\t\t\t<\/div>\n\t\t\t\t\t\t\t\t<\/div>\n\t\t\t\t<\/div>\n\t\t\t\t<div class=\"elementor-element elementor-element-2b69bc4 elementor-align-justify elementor-widget elementor-widget-button\" data-id=\"2b69bc4\" data-element_type=\"widget\" data-e-type=\"widget\" data-widget_type=\"button.default\">\n\t\t\t\t<div class=\"elementor-widget-container\">\n\t\t\t\t\t\t\t\t\t<div class=\"elementor-button-wrapper\">\n\t\t\t\t\t<a class=\"elementor-button elementor-button-link elementor-size-sm\" href=\"https:\/\/www.kchch.sk\/wp-content\/uploads\/2024\/06\/Fomular-vet-potvrdenia-EN.pdf\" target=\"_blank\">\n\t\t\t\t\t\t<span class=\"elementor-button-content-wrapper\">\n\t\t\t\t\t\t\t\t\t<span class=\"elementor-button-text\">EN Veterinary certificate form.pdf<\/span>\n\t\t\t\t\t<\/span>\n\t\t\t\t\t<\/a>\n\t\t\t\t<\/div>\n\t\t\t\t\t\t\t\t<\/div>\n\t\t\t\t<\/div>\n\t\t\t\t\t<\/div>\n\t\t\t\t<\/div>\n\t\t<div class=\"elementor-element elementor-element-de3ec14 e-flex e-con-boxed e-con e-parent\" data-id=\"de3ec14\" data-element_type=\"container\" data-e-type=\"container\">\n\t\t\t\t\t<div class=\"e-con-inner\">\n\t\t\t\t<div class=\"elementor-element elementor-element-62f8a3f elementor-widget elementor-widget-heading\" data-id=\"62f8a3f\" data-element_type=\"widget\" data-e-type=\"widget\" data-widget_type=\"heading.default\">\n\t\t\t\t<div class=\"elementor-widget-container\">\n\t\t\t\t\t<h2 class=\"elementor-heading-title elementor-size-default\">Application for issuing a Longevity Certificate<\/h2>\t\t\t\t<\/div>\n\t\t\t\t<\/div>\n\t\t\t\t<div class=\"elementor-element elementor-element-ff34682 elementor-button-align-stretch elementor-widget elementor-widget-form\" data-id=\"ff34682\" data-element_type=\"widget\" data-e-type=\"widget\" data-settings=\"{&quot;step_next_label&quot;:&quot;Next&quot;,&quot;step_previous_label&quot;:&quot;Previous&quot;,&quot;button_width&quot;:&quot;100&quot;,&quot;step_type&quot;:&quot;number_text&quot;,&quot;step_icon_shape&quot;:&quot;circle&quot;}\" data-widget_type=\"form.default\">\n\t\t\t\t<div class=\"elementor-widget-container\">\n\t\t\t\t\t\t\t<form class=\"elementor-form\" method=\"post\" name=\"New Form\" aria-label=\"New Form\">\n\t\t\t<input type=\"hidden\" name=\"post_id\" value=\"12775\"\/>\n\t\t\t<input type=\"hidden\" name=\"form_id\" value=\"ff34682\"\/>\n\t\t\t<input type=\"hidden\" name=\"referer_title\" value=\"\" \/>\n\n\t\t\t\n\t\t\t<div class=\"elementor-form-fields-wrapper elementor-labels-\">\n\t\t\t\t\t\t\t\t<div class=\"elementor-field-type-textarea elementor-field-group elementor-column elementor-field-group-name elementor-col-50 elementor-field-required\">\n\t\t\t\t\t\t\t\t\t\t\t\t<label for=\"form-field-name\" class=\"elementor-field-label elementor-screen-only\">\n\t\t\t\t\t\t\t\tOwner's Name\t\t\t\t\t\t\t<\/label>\n\t\t\t\t\t\t<textarea class=\"elementor-field-textual elementor-field  elementor-size-sm\" name=\"form_fields[name]\" id=\"form-field-name\" rows=\"4\" placeholder=\"Owner&#039;s Name\" required=\"required\"><\/textarea>\t\t\t\t<\/div>\n\t\t\t\t\t\t\t\t<div class=\"elementor-field-type-textarea elementor-field-group elementor-column elementor-field-group-field_aa6c31d elementor-col-50 elementor-field-required\">\n\t\t\t\t\t\t\t\t\t\t\t\t<label for=\"form-field-field_aa6c31d\" class=\"elementor-field-label elementor-screen-only\">\n\t\t\t\t\t\t\t\tAddress\t\t\t\t\t\t\t<\/label>\n\t\t\t\t\t\t<textarea class=\"elementor-field-textual elementor-field  elementor-size-sm\" name=\"form_fields[field_aa6c31d]\" id=\"form-field-field_aa6c31d\" rows=\"4\" placeholder=\"Address\" required=\"required\"><\/textarea>\t\t\t\t<\/div>\n\t\t\t\t\t\t\t\t<div class=\"elementor-field-type-email elementor-field-group elementor-column elementor-field-group-email elementor-col-50 elementor-field-required\">\n\t\t\t\t\t\t\t\t\t\t\t\t<label for=\"form-field-email\" class=\"elementor-field-label elementor-screen-only\">\n\t\t\t\t\t\t\t\tEmail\t\t\t\t\t\t\t<\/label>\n\t\t\t\t\t\t\t\t\t\t\t\t\t\t<input size=\"1\" type=\"email\" name=\"form_fields[email]\" id=\"form-field-email\" class=\"elementor-field elementor-size-sm  elementor-field-textual\" placeholder=\"Email\" required=\"required\">\n\t\t\t\t\t\t\t\t\t\t\t<\/div>\n\t\t\t\t\t\t\t\t<div class=\"elementor-field-type-text elementor-field-group elementor-column elementor-field-group-message elementor-col-50\">\n\t\t\t\t\t\t\t\t\t\t\t\t<label for=\"form-field-message\" class=\"elementor-field-label elementor-screen-only\">\n\t\t\t\t\t\t\t\tPhone\t\t\t\t\t\t\t<\/label>\n\t\t\t\t\t\t\t\t\t\t\t\t\t\t<input size=\"1\" type=\"text\" name=\"form_fields[message]\" id=\"form-field-message\" class=\"elementor-field elementor-size-sm  elementor-field-textual\" placeholder=\"Phone No.\">\n\t\t\t\t\t\t\t\t\t\t\t<\/div>\n\t\t\t\t\t\t\t\t<div class=\"elementor-field-type-html elementor-field-group elementor-column elementor-field-group-field_7921938 elementor-col-100\">\n\t\t\t\t\tABOUT DOG\t\t\t\t<\/div>\n\t\t\t\t\t\t\t\t<div class=\"elementor-field-type-text elementor-field-group elementor-column elementor-field-group-field_016dc28 elementor-col-100 elementor-field-required\">\n\t\t\t\t\t\t\t\t\t\t\t\t<label for=\"form-field-field_016dc28\" class=\"elementor-field-label elementor-screen-only\">\n\t\t\t\t\t\t\t\tDog's Name\t\t\t\t\t\t\t<\/label>\n\t\t\t\t\t\t\t\t\t\t\t\t\t\t<input size=\"1\" type=\"text\" name=\"form_fields[field_016dc28]\" id=\"form-field-field_016dc28\" class=\"elementor-field elementor-size-sm  elementor-field-textual\" placeholder=\"Dog&#039;s Name\" required=\"required\">\n\t\t\t\t\t\t\t\t\t\t\t<\/div>\n\t\t\t\t\t\t\t\t<div class=\"elementor-field-type-text elementor-field-group elementor-column elementor-field-group-field_21edac1 elementor-col-50 elementor-field-required\">\n\t\t\t\t\t\t\t\t\t\t\t\t<label for=\"form-field-field_21edac1\" class=\"elementor-field-label elementor-screen-only\">\n\t\t\t\t\t\t\t\tD.O.B.\t\t\t\t\t\t\t<\/label>\n\t\t\t\t\t\t\t\t\t\t\t\t\t\t<input size=\"1\" type=\"text\" name=\"form_fields[field_21edac1]\" id=\"form-field-field_21edac1\" class=\"elementor-field elementor-size-sm  elementor-field-textual\" placeholder=\"D.O.B.\" required=\"required\">\n\t\t\t\t\t\t\t\t\t\t\t<\/div>\n\t\t\t\t\t\t\t\t<div class=\"elementor-field-type-text elementor-field-group elementor-column elementor-field-group-field_4db5cfb elementor-col-50 elementor-field-required\">\n\t\t\t\t\t\t\t\t\t\t\t\t<label for=\"form-field-field_4db5cfb\" class=\"elementor-field-label elementor-screen-only\">\n\t\t\t\t\t\t\t\tRegistration Number\t\t\t\t\t\t\t<\/label>\n\t\t\t\t\t\t\t\t\t\t\t\t\t\t<input size=\"1\" type=\"text\" name=\"form_fields[field_4db5cfb]\" id=\"form-field-field_4db5cfb\" class=\"elementor-field elementor-size-sm  elementor-field-textual\" placeholder=\"Registration Number\" required=\"required\">\n\t\t\t\t\t\t\t\t\t\t\t<\/div>\n\t\t\t\t\t\t\t\t<div class=\"elementor-field-type-select elementor-field-group elementor-column elementor-field-group-field_4683cb8 elementor-col-50 elementor-field-required\">\n\t\t\t\t\t\t\t\t\t\t\t\t<label for=\"form-field-field_4683cb8\" class=\"elementor-field-label elementor-screen-only\">\n\t\t\t\t\t\t\t\tSex\t\t\t\t\t\t\t<\/label>\n\t\t\t\t\t\t\t\t<div class=\"elementor-field elementor-select-wrapper remove-before \">\n\t\t\t<div class=\"select-caret-down-wrapper\">\n\t\t\t\t<i aria-hidden=\"true\" class=\"eicon-caret-down\"><\/i>\t\t\t<\/div>\n\t\t\t<select name=\"form_fields[field_4683cb8]\" id=\"form-field-field_4683cb8\" class=\"elementor-field-textual elementor-size-sm\" required=\"required\">\n\t\t\t\t\t\t\t\t\t<option value=\"Male\">Male<\/option>\n\t\t\t\t\t\t\t\t\t<option value=\"Female\">Female<\/option>\n\t\t\t\t\t\t\t<\/select>\n\t\t<\/div>\n\t\t\t\t\t\t<\/div>\n\t\t\t\t\t\t\t\t<div class=\"elementor-field-type-text elementor-field-group elementor-column elementor-field-group-field_50d8847 elementor-col-50 elementor-field-required\">\n\t\t\t\t\t\t\t\t\t\t\t\t<label for=\"form-field-field_50d8847\" class=\"elementor-field-label elementor-screen-only\">\n\t\t\t\t\t\t\t\tColour\t\t\t\t\t\t\t<\/label>\n\t\t\t\t\t\t\t\t\t\t\t\t\t\t<input size=\"1\" type=\"text\" name=\"form_fields[field_50d8847]\" id=\"form-field-field_50d8847\" class=\"elementor-field elementor-size-sm  elementor-field-textual\" placeholder=\"Colour\" required=\"required\">\n\t\t\t\t\t\t\t\t\t\t\t<\/div>\n\t\t\t\t\t\t\t\t<div class=\"elementor-field-type-text elementor-field-group elementor-column elementor-field-group-field_723270f elementor-col-100\">\n\t\t\t\t\t\t\t\t\t\t\t\t<label for=\"form-field-field_723270f\" class=\"elementor-field-label elementor-screen-only\">\n\t\t\t\t\t\t\t\tOffspring {number}\t\t\t\t\t\t\t<\/label>\n\t\t\t\t\t\t\t\t\t\t\t\t\t\t<input size=\"1\" type=\"text\" name=\"form_fields[field_723270f]\" id=\"form-field-field_723270f\" class=\"elementor-field elementor-size-sm  elementor-field-textual\" placeholder=\"Offspring {number}\">\n\t\t\t\t\t\t\t\t\t\t\t<\/div>\n\t\t\t\t\t\t\t\t<div class=\"elementor-field-type-text elementor-field-group elementor-column elementor-field-group-field_b2f0a34 elementor-col-100\">\n\t\t\t\t\t\t\t\t\t\t\t\t<label for=\"form-field-field_b2f0a34\" class=\"elementor-field-label elementor-screen-only\">\n\t\t\t\t\t\t\t\tMedical examinations\t\t\t\t\t\t\t<\/label>\n\t\t\t\t\t\t\t\t\t\t\t\t\t\t<input size=\"1\" type=\"text\" name=\"form_fields[field_b2f0a34]\" id=\"form-field-field_b2f0a34\" class=\"elementor-field elementor-size-sm  elementor-field-textual\" placeholder=\"Optional - medical examinations\">\n\t\t\t\t\t\t\t\t\t\t\t<\/div>\n\t\t\t\t\t\t\t\t<div class=\"elementor-field-type-acceptance elementor-field-group elementor-column elementor-field-group-field_b5a2117 elementor-col-100 elementor-field-required\">\n\t\t\t\t\t\t\t<div class=\"elementor-field-subgroup\">\n\t\t\t<span class=\"elementor-field-option\">\n\t\t\t\t<input type=\"checkbox\" name=\"form_fields[field_b5a2117]\" id=\"form-field-field_b5a2117\" class=\"elementor-field elementor-size-sm  elementor-acceptance-field\" required=\"required\">\n\t\t\t\t<label for=\"form-field-field_b5a2117\">By submitting this application form, I, the undersigned, agree that KCHCH may collect, store, use and publish the provided personal data and information on the KCHCH website, social media, aggregated statistics and any future publications.\nI confirm that the information provided is true and verifiable to the best of my knowledge.<\/label>\t\t\t<\/span>\n\t\t<\/div>\n\t\t\t\t\t\t<\/div>\n\t\t\t\t\t\t\t\t<div class=\"elementor-field-type-html elementor-field-group elementor-column elementor-field-group-field_8595ca0 elementor-col-100\">\n\t\t\t\t\t<b>Upload attachments such as photocopy of PP, veterinarian's certificate, health examinations here. Allowed files are pdf, png, jpg, doc, docx.<\/b> Max. file size 3MB.\t\t\t\t<\/div>\n\t\t\t\t\t\t\t\t<div class=\"elementor-field-type-upload elementor-field-group elementor-column elementor-field-group-field_749bf7c elementor-col-100 elementor-field-required\">\n\t\t\t\t\t\t\t\t\t\t\t\t<label for=\"form-field-field_749bf7c\" class=\"elementor-field-label elementor-screen-only\">\n\t\t\t\t\t\t\t\tAttachment No. 1\t\t\t\t\t\t\t<\/label>\n\t\t\t\t\t\t\t\t<input type=\"file\" name=\"form_fields[field_749bf7c][]\" id=\"form-field-field_749bf7c\" class=\"elementor-field elementor-size-sm  elementor-upload-field\" required=\"required\" multiple=\"multiple\" data-maxsize=\"3\" data-maxsize-message=\"This file exceeds the maximum allowed size.\">\n\n\t\t\t\t\t\t<\/div>\n\t\t\t\t\t\t\t\t<div class=\"elementor-field-type-upload elementor-field-group elementor-column elementor-field-group-field_cbd1d21 elementor-col-100\">\n\t\t\t\t\t\t\t\t\t\t\t\t<label for=\"form-field-field_cbd1d21\" class=\"elementor-field-label elementor-screen-only\">\n\t\t\t\t\t\t\t\tAttachment No.2\t\t\t\t\t\t\t<\/label>\n\t\t\t\t\t\t\t\t<input type=\"file\" name=\"form_fields[field_cbd1d21][]\" id=\"form-field-field_cbd1d21\" class=\"elementor-field elementor-size-sm  elementor-upload-field\" multiple=\"multiple\" data-maxsize=\"3\" data-maxsize-message=\"This file exceeds the maximum allowed size.\">\n\n\t\t\t\t\t\t<\/div>\n\t\t\t\t\t\t\t\t<div class=\"elementor-field-type-upload elementor-field-group elementor-column elementor-field-group-field_caa4d26 elementor-col-100\">\n\t\t\t\t\t\t\t\t\t\t\t\t<label for=\"form-field-field_caa4d26\" class=\"elementor-field-label elementor-screen-only\">\n\t\t\t\t\t\t\t\tAttachment No.3\t\t\t\t\t\t\t<\/label>\n\t\t\t\t\t\t\t\t<input type=\"file\" name=\"form_fields[field_caa4d26][]\" id=\"form-field-field_caa4d26\" class=\"elementor-field elementor-size-sm  elementor-upload-field\" multiple=\"multiple\" data-maxsize=\"3\" data-maxsize-message=\"This file exceeds the maximum allowed size.\">\n\n\t\t\t\t\t\t<\/div>\n\t\t\t\t\t\t\t\t<div class=\"elementor-field-type-upload elementor-field-group elementor-column elementor-field-group-field_c43cadf elementor-col-100\">\n\t\t\t\t\t\t\t\t\t\t\t\t<label for=\"form-field-field_c43cadf\" class=\"elementor-field-label elementor-screen-only\">\n\t\t\t\t\t\t\t\tAttachment No.4\t\t\t\t\t\t\t<\/label>\n\t\t\t\t\t\t\t\t<input type=\"file\" name=\"form_fields[field_c43cadf][]\" id=\"form-field-field_c43cadf\" class=\"elementor-field elementor-size-sm  elementor-upload-field\" multiple=\"multiple\" data-maxsize=\"3\" data-maxsize-message=\"This file exceeds the maximum allowed size.\">\n\n\t\t\t\t\t\t<\/div>\n\t\t\t\t\t\t\t\t<div class=\"elementor-field-type-upload elementor-field-group elementor-column elementor-field-group-field_54e7f0f elementor-col-100\">\n\t\t\t\t\t\t\t\t\t\t\t\t<label for=\"form-field-field_54e7f0f\" class=\"elementor-field-label elementor-screen-only\">\n\t\t\t\t\t\t\t\tAttachment No.5\t\t\t\t\t\t\t<\/label>\n\t\t\t\t\t\t\t\t<input type=\"file\" name=\"form_fields[field_54e7f0f][]\" id=\"form-field-field_54e7f0f\" class=\"elementor-field elementor-size-sm  elementor-upload-field\" multiple=\"multiple\" data-maxsize=\"3\" data-maxsize-message=\"This file exceeds the maximum allowed size.\">\n\n\t\t\t\t\t\t<\/div>\n\t\t\t\t\t\t\t\t<div class=\"elementor-field-type-upload elementor-field-group elementor-column elementor-field-group-field_4db39d7 elementor-col-100\">\n\t\t\t\t\t\t\t\t\t\t\t\t<label for=\"form-field-field_4db39d7\" class=\"elementor-field-label elementor-screen-only\">\n\t\t\t\t\t\t\t\tAttachment No.6\t\t\t\t\t\t\t<\/label>\n\t\t\t\t\t\t\t\t<input type=\"file\" name=\"form_fields[field_4db39d7][]\" id=\"form-field-field_4db39d7\" class=\"elementor-field elementor-size-sm  elementor-upload-field\" multiple=\"multiple\" data-maxsize=\"3\" data-maxsize-message=\"This file exceeds the maximum allowed size.\">\n\n\t\t\t\t\t\t<\/div>\n\t\t\t\t\t\t\t\t<div class=\"elementor-field-type-text\">\n\t\t\t\t\t<input size=\"1\" type=\"text\" name=\"form_fields[field_abc356b]\" id=\"form-field-field_abc356b\" class=\"elementor-field elementor-size-sm \" style=\"display:none !important;\">\t\t\t\t<\/div>\n\t\t\t\t\t\t\t\t<div class=\"elementor-field-type-date elementor-field-group elementor-column elementor-field-group-field_0a8ea26 elementor-col-100 elementor-field-required\">\n\t\t\t\t\t\t\t\t\t\t\t\t<label for=\"form-field-field_0a8ea26\" class=\"elementor-field-label elementor-screen-only\">\n\t\t\t\t\t\t\t\tDate\t\t\t\t\t\t\t<\/label>\n\t\t\t\t\t\t\n\t\t<input type=\"date\" name=\"form_fields[field_0a8ea26]\" id=\"form-field-field_0a8ea26\" class=\"elementor-field elementor-size-sm  elementor-field-textual elementor-date-field\" placeholder=\"Date\" required=\"required\" pattern=\"[0-9]{4}-[0-9]{2}-[0-9]{2}\" min=\"2024-04-08\">\n\t\t\t\t\t\t<\/div>\n\t\t\t\t\t\t\t\t<div class=\"elementor-field-group elementor-column elementor-field-type-submit elementor-col-100 e-form__buttons\">\n\t\t\t\t\t<button class=\"elementor-button elementor-size-sm\" type=\"submit\">\n\t\t\t\t\t\t<span class=\"elementor-button-content-wrapper\">\n\t\t\t\t\t\t\t\t\t\t\t\t\t\t\t\t\t\t\t\t\t\t<span class=\"elementor-button-text\">Send<\/span>\n\t\t\t\t\t\t\t\t\t\t\t\t\t<\/span>\n\t\t\t\t\t<\/button>\n\t\t\t\t<\/div>\n\t\t\t<\/div>\n\t\t<\/form>\n\t\t\t\t\t\t<\/div>\n\t\t\t\t<\/div>\n\t\t\t\t<div class=\"elementor-element elementor-element-cc97398 elementor-widget elementor-widget-image\" data-id=\"cc97398\" data-element_type=\"widget\" data-e-type=\"widget\" data-widget_type=\"image.default\">\n\t\t\t\t<div class=\"elementor-widget-container\">\n\t\t\t\t\t\t\t\t\t\t\t\t\t\t\t\t<a href=\"https:\/\/www.kchch.sk\/wp-content\/uploads\/2023\/07\/certifikat-dlhovekosti-sk-web.jpg\" data-elementor-open-lightbox=\"yes\" data-elementor-lightbox-title=\"certifikat-dlhovekosti-sk-web\" data-e-action-hash=\"#elementor-action%3Aaction%3Dlightbox%26settings%3DeyJpZCI6OTMyMywidXJsIjoiaHR0cHM6XC9cL3d3dy5rY2hjaC5za1wvd3AtY29udGVudFwvdXBsb2Fkc1wvMjAyM1wvMDdcL2NlcnRpZmlrYXQtZGxob3Zla29zdGktc2std2ViLmpwZyJ9\">\n\t\t\t\t\t\t\t<img fetchpriority=\"high\" decoding=\"async\" width=\"1024\" height=\"1448\" src=\"https:\/\/www.kchch.sk\/wp-content\/uploads\/2023\/07\/certifikat-dlhovekosti-sk-web.jpg\" class=\"attachment-full size-full wp-image-9323\" alt=\"certifik\u00e1t dlhovekosti \u00edrsky vlkodav\" srcset=\"https:\/\/www.kchch.sk\/wp-content\/uploads\/2023\/07\/certifikat-dlhovekosti-sk-web.jpg 1024w, https:\/\/www.kchch.sk\/wp-content\/uploads\/2023\/07\/certifikat-dlhovekosti-sk-web-768x1086.jpg 768w\" sizes=\"(max-width: 1024px) 100vw, 1024px\" \/>\t\t\t\t\t\t\t\t<\/a>\n\t\t\t\t\t\t\t\t\t\t\t\t\t\t\t<\/div>\n\t\t\t\t<\/div>\n\t\t\t\t\t<\/div>\n\t\t\t\t<\/div>\n\t\t<div class=\"elementor-element elementor-element-3551d78 e-flex e-con-boxed e-con e-parent\" data-id=\"3551d78\" data-element_type=\"container\" data-e-type=\"container\">\n\t\t\t\t\t<div class=\"e-con-inner\">\n\t\t\t\t<div class=\"elementor-element elementor-element-c433acf elementor-widget elementor-widget-menu-anchor\" data-id=\"c433acf\" data-element_type=\"widget\" data-e-type=\"widget\" data-widget_type=\"menu-anchor.default\">\n\t\t\t\t<div class=\"elementor-widget-container\">\n\t\t\t\t\t\t\t<div class=\"elementor-menu-anchor\" id=\"Issuedcertificates\"><\/div>\n\t\t\t\t\t\t<\/div>\n\t\t\t\t<\/div>\n\t\t\t\t<div class=\"elementor-element elementor-element-96cce50 elementor-widget elementor-widget-text-editor\" data-id=\"96cce50\" data-element_type=\"widget\" data-e-type=\"widget\" data-widget_type=\"text-editor.default\">\n\t\t\t\t<div class=\"elementor-widget-container\">\n\t\t\t\t\t\t\t\t\t<div>Certificate number (Serial no.\/year of issue) | Dog name | Date of birth| Breeder | Owner <\/div>\n<div> <\/div>\n<div>\n<p>04\/2023 <strong>BR\u00cdDGE HIGHLANDS HEART <\/strong>16.03.2013 <br \/>Breeder: \u0160\u00e1rka Dole\u017ealov\u00e1 CZ, Owner: Man\u017eelia Mas\u00e1rov\u00ed\/SK<\/p>\n<hr>\n<p>03\/2023 <strong>AISCHA Z BOLKOVEJ Z\u00c1HRADY <\/strong>26.04.2012 <br \/>Breeder: Boleslav Dziadura\/CZ, Owner: Veronika Slobodov\u00e1\/SK<\/p>\n<hr>\n<\/div>\n<div>\n<p>02\/2023 <strong>AM\u00cdGO Z BOLKOVY Z\u00c1HRADY<\/strong> 26.04.2012 <br \/>Breeder: Boleslav Dziadura\/CZ, Owner: Anita Pongr\u00e1cz Szalay\/SK<\/p>\n<hr>\n<p>01\/2023 <strong>SORAYA ERDOR IRIS SURYCAN<\/strong> 17.10.2011 <br \/>Breeder: Ivana Vesel\u00e1\/CZ, Owner: Martina Holbov\u00e1\/SK<\/p>\n<\/div>\n\t\t\t\t\t\t\t\t<\/div>\n\t\t\t\t<\/div>\n\t\t\t\t\t<\/div>\n\t\t\t\t<\/div>\n\t\t<div class=\"elementor-element elementor-element-c97ae4b e-flex e-con-boxed e-con e-parent\" data-id=\"c97ae4b\" data-element_type=\"container\" data-e-type=\"container\">\n\t\t\t\t\t<div class=\"e-con-inner\">\n\t\t\t\t\t<\/div>\n\t\t\t\t<\/div>\n\t\t\t\t<\/div>\n\t\t","protected":false},"excerpt":{"rendered":"<p>The Irish Wolfhound Longevity Project ISSUED CERTIFICATES \/click\/ The aim of the Irish Wolfhound Longevity Project is to provide long-term visibilityand insight into the overall health of the breed and specifically longevity in genetic lines in Europe. We want to appreciate IWs living or raised in Slovakia who have reached the age of 10 or [&hellip;]<\/p>\n","protected":false},"author":1,"featured_media":9323,"parent":4380,"menu_order":0,"comment_status":"closed","ping_status":"closed","template":"","meta":{"slim_seo":{"title":"Longevity certificate - KCHCH","description":"The Irish Wolfhound Longevity Project ISSUED CERTIFICATES \/click\/ The aim of the Irish Wolfhound Longevity Project is to provide long-term visibility and insigh"},"iawp_total_views":19,"footnotes":""},"class_list":["post-12775","page","type-page","status-publish","has-post-thumbnail","hentry"],"_links":{"self":[{"href":"https:\/\/www.kchch.sk\/en\/wp-json\/wp\/v2\/pages\/12775","targetHints":{"allow":["GET"]}}],"collection":[{"href":"https:\/\/www.kchch.sk\/en\/wp-json\/wp\/v2\/pages"}],"about":[{"href":"https:\/\/www.kchch.sk\/en\/wp-json\/wp\/v2\/types\/page"}],"author":[{"embeddable":true,"href":"https:\/\/www.kchch.sk\/en\/wp-json\/wp\/v2\/users\/1"}],"replies":[{"embeddable":true,"href":"https:\/\/www.kchch.sk\/en\/wp-json\/wp\/v2\/comments?post=12775"}],"version-history":[{"count":0,"href":"https:\/\/www.kchch.sk\/en\/wp-json\/wp\/v2\/pages\/12775\/revisions"}],"up":[{"embeddable":true,"href":"https:\/\/www.kchch.sk\/en\/wp-json\/wp\/v2\/pages\/4380"}],"wp:featuredmedia":[{"embeddable":true,"href":"https:\/\/www.kchch.sk\/en\/wp-json\/wp\/v2\/media\/9323"}],"wp:attachment":[{"href":"https:\/\/www.kchch.sk\/en\/wp-json\/wp\/v2\/media?parent=12775"}],"curies":[{"name":"wp","href":"https:\/\/api.w.org\/{rel}","templated":true}]}}