{"id":1467,"date":"2024-10-16T18:34:29","date_gmt":"2024-10-16T16:34:29","guid":{"rendered":"https:\/\/www.kchch.sk\/contact\/"},"modified":"2025-07-18T11:53:59","modified_gmt":"2025-07-18T09:53:59","slug":"contact","status":"publish","type":"page","link":"https:\/\/www.kchch.sk\/en\/contact\/","title":{"rendered":"Contact"},"content":{"rendered":"\t\t<div data-elementor-type=\"wp-page\" data-elementor-id=\"1467\" class=\"elementor elementor-1467 elementor-34\" data-elementor-post-type=\"page\">\n\t\t\t\t<div class=\"elementor-element elementor-element-67fc6138 e-flex e-con-boxed e-con e-parent\" data-id=\"67fc6138\" data-element_type=\"container\" data-e-type=\"container\" data-settings=\"{&quot;background_background&quot;:&quot;classic&quot;}\">\n\t\t\t\t\t<div class=\"e-con-inner\">\n\t\t<div class=\"elementor-element elementor-element-1fe944e0 e-flex e-con-boxed e-con e-child\" data-id=\"1fe944e0\" data-element_type=\"container\" data-e-type=\"container\">\n\t\t\t\t\t<div class=\"e-con-inner\">\n\t\t\t\t<div class=\"elementor-element elementor-element-539666f0 elementor-widget elementor-widget-image\" data-id=\"539666f0\" data-element_type=\"widget\" data-e-type=\"widget\" data-widget_type=\"image.default\">\n\t\t\t\t<div class=\"elementor-widget-container\">\n\t\t\t\t\t\t\t\t\t\t\t\t\t\t\t<img fetchpriority=\"high\" decoding=\"async\" width=\"786\" height=\"1164\" src=\"https:\/\/www.kchch.sk\/wp-content\/uploads\/2025\/07\/PLI.avif\" class=\"attachment-full size-full wp-image-15451\" alt=\"PLI\" \/>\t\t\t\t\t\t\t\t\t\t\t\t\t\t\t<\/div>\n\t\t\t\t<\/div>\n\t\t\t\t\t<\/div>\n\t\t\t\t<\/div>\n\t\t<div class=\"elementor-element elementor-element-6b3e8cfa e-flex e-con-boxed e-con e-child\" data-id=\"6b3e8cfa\" data-element_type=\"container\" data-e-type=\"container\">\n\t\t\t\t\t<div class=\"e-con-inner\">\n\t\t<div class=\"elementor-element elementor-element-1ec7d226 e-flex e-con-boxed e-con e-child\" data-id=\"1ec7d226\" data-element_type=\"container\" data-e-type=\"container\">\n\t\t\t\t\t<div class=\"e-con-inner\">\n\t\t\t\t<div class=\"elementor-element elementor-element-2583efab elementor-button-align-start elementor-widget elementor-widget-form\" data-id=\"2583efab\" data-element_type=\"widget\" data-e-type=\"widget\" data-settings=\"{&quot;button_width&quot;:&quot;20&quot;,&quot;step_next_label&quot;:&quot;Next&quot;,&quot;step_previous_label&quot;:&quot;Previous&quot;,&quot;step_type&quot;:&quot;number_text&quot;,&quot;step_icon_shape&quot;:&quot;circle&quot;}\" data-widget_type=\"form.default\">\n\t\t\t\t<div class=\"elementor-widget-container\">\n\t\t\t\t\t\t\t<form class=\"elementor-form\" method=\"post\" name=\"contact\" aria-label=\"contact\">\n\t\t\t<input type=\"hidden\" name=\"post_id\" value=\"1467\"\/>\n\t\t\t<input type=\"hidden\" name=\"form_id\" value=\"2583efab\"\/>\n\t\t\t<input type=\"hidden\" name=\"referer_title\" value=\"\" \/>\n\n\t\t\t\n\t\t\t<div class=\"elementor-form-fields-wrapper elementor-labels-\">\n\t\t\t\t\t\t\t\t<div class=\"elementor-field-type-text elementor-field-group elementor-column elementor-field-group-field_aa8a102 elementor-col-100 elementor-field-required\">\n\t\t\t\t\t\t\t\t\t\t\t\t<label for=\"form-field-field_aa8a102\" class=\"elementor-field-label elementor-screen-only\">\n\t\t\t\t\t\t\t\tName\t\t\t\t\t\t\t<\/label>\n\t\t\t\t\t\t\t\t\t\t\t\t\t\t<input size=\"1\" type=\"text\" name=\"form_fields[field_aa8a102]\" id=\"form-field-field_aa8a102\" class=\"elementor-field elementor-size-sm  elementor-field-textual\" placeholder=\"First Name\" required=\"required\">\n\t\t\t\t\t\t\t\t\t\t\t<\/div>\n\t\t\t\t\t\t\t\t<div class=\"elementor-field-type-email elementor-field-group elementor-column elementor-field-group-field_cb0b5f9 elementor-col-100 elementor-field-required\">\n\t\t\t\t\t\t\t\t\t\t\t\t<label for=\"form-field-field_cb0b5f9\" class=\"elementor-field-label elementor-screen-only\">\n\t\t\t\t\t\t\t\tEmail\t\t\t\t\t\t\t<\/label>\n\t\t\t\t\t\t\t\t\t\t\t\t\t\t<input size=\"1\" type=\"email\" name=\"form_fields[field_cb0b5f9]\" id=\"form-field-field_cb0b5f9\" class=\"elementor-field elementor-size-sm  elementor-field-textual\" placeholder=\"E-mail\" required=\"required\">\n\t\t\t\t\t\t\t\t\t\t\t<\/div>\n\t\t\t\t\t\t\t\t<div class=\"elementor-field-type-textarea elementor-field-group elementor-column elementor-field-group-field_3844344 elementor-col-75 elementor-field-required\">\n\t\t\t\t\t\t\t\t\t\t\t\t<label for=\"form-field-field_3844344\" class=\"elementor-field-label elementor-screen-only\">\n\t\t\t\t\t\t\t\tMessage\t\t\t\t\t\t\t<\/label>\n\t\t\t\t\t\t<textarea class=\"elementor-field-textual elementor-field  elementor-size-sm\" name=\"form_fields[field_3844344]\" id=\"form-field-field_3844344\" rows=\"7\" placeholder=\"Message\" required=\"required\"><\/textarea>\t\t\t\t<\/div>\n\t\t\t\t\t\t\t\t<div class=\"elementor-field-type-text\">\n\t\t\t\t\t<input size=\"1\" type=\"text\" name=\"form_fields[field_8f97302]\" id=\"form-field-field_8f97302\" class=\"elementor-field elementor-size-sm \" style=\"display:none !important;\">\t\t\t\t<\/div>\n\t\t\t\t\t\t\t\t<div class=\"elementor-field-type-text\">\n\t\t\t\t\t<input size=\"1\" type=\"text\" name=\"form_fields[field_54f0330]\" id=\"form-field-field_54f0330\" class=\"elementor-field elementor-size-sm \" style=\"display:none !important;\">\t\t\t\t<\/div>\n\t\t\t\t\t\t\t\t<div class=\"elementor-field-type-text\">\n\t\t\t\t\t<input size=\"1\" type=\"text\" name=\"form_fields[field_516de9d]\" id=\"form-field-field_516de9d\" class=\"elementor-field elementor-size-sm \" style=\"display:none !important;\">\t\t\t\t<\/div>\n\t\t\t\t\t\t\t\t<div class=\"elementor-field-group elementor-column elementor-field-type-submit elementor-col-20 e-form__buttons\">\n\t\t\t\t\t<button class=\"elementor-button elementor-size-sm\" type=\"submit\">\n\t\t\t\t\t\t<span class=\"elementor-button-content-wrapper\">\n\t\t\t\t\t\t\t\t\t\t\t\t\t\t\t\t\t\t\t\t\t\t<span class=\"elementor-button-text\">Send<\/span>\n\t\t\t\t\t\t\t\t\t\t\t\t\t<\/span>\n\t\t\t\t\t<\/button>\n\t\t\t\t<\/div>\n\t\t\t<\/div>\n\t\t<\/form>\n\t\t\t\t\t\t<\/div>\n\t\t\t\t<\/div>\n\t\t\t\t<div class=\"elementor-element elementor-element-ce2b8a elementor-widget elementor-widget-text-editor\" data-id=\"ce2b8a\" data-element_type=\"widget\" data-e-type=\"widget\" data-widget_type=\"text-editor.default\">\n\t\t\t\t<div class=\"elementor-widget-container\">\n\t\t\t\t\t\t\t\t\t<p style=\"font-weight: 400;\"><strong>Slovak Sighthound club<\/strong><\/p><p>Dem\u00e4novsk\u00e1 48, 831 06 Bratislava &#8211; Ra\u010da<br>I\u010cO: 42 136 032<br>DI\u010c: 2022733658<\/p><p style=\"font-weight: 400;\"><span style=\"text-align: var(--text-align); font-size: 1rem; background-color: var( --e-global-color-primary );\">E-mail: <a href=\"mailto:slovenskyklubchovatelovchrtov@gmail.com\">slovenskyklubchovatelovchrtov@gmail.com<\/a><\/span><br>Tel.\/fax: 0917 874 112 Vojtek Vlastislav | 0918 362 054 Vojtekov\u00e1 Iveta<\/p><p style=\"font-weight: 400;\"><strong>Bankov\u00e9 spojenie:<\/strong> SLSP a.s. 0011468215\/0900<br>IBAN SK27 0900 0000 0000 1146 8215<br>BIC GIBASKBX<\/p>\t\t\t\t\t\t\t\t<\/div>\n\t\t\t\t<\/div>\n\t\t\t\t\t<\/div>\n\t\t\t\t<\/div>\n\t\t\t\t\t<\/div>\n\t\t\t\t<\/div>\n\t\t\t\t\t<\/div>\n\t\t\t\t<\/div>\n\t\t\t\t<\/div>\n\t\t","protected":false},"excerpt":{"rendered":"<p>Slovak Sighthound club Dem\u00e4novsk\u00e1 48, 831 06 Bratislava &#8211; Ra\u010daI\u010cO: 42 136 032DI\u010c: 2022733658 E-mail: slovenskyklubchovatelovchrtov@gmail.comTel.\/fax: 0917 874 112 Vojtek Vlastislav | 0918 362 054 Vojtekov\u00e1 Iveta Bankov\u00e9 spojenie: SLSP a.s. 0011468215\/0900IBAN SK27 0900 0000 0000 1146 8215BIC GIBASKBX<\/p>\n","protected":false},"author":1,"featured_media":10480,"parent":0,"menu_order":10,"comment_status":"closed","ping_status":"closed","template":"","meta":{"slim_seo":{"title":"Contact - KCHCH","description":"Slovak Sighthound club Dem\u00e4novsk\u00e1 48, 831 06 Bratislava - Ra\u010da I\u010cO: 42 136 032 DI\u010c: 2022733658 E-mail: slovenskyklubchovatelovchrtov@gmail.com Tel.\/fax: 0917 87"},"iawp_total_views":134,"footnotes":""},"class_list":["post-1467","page","type-page","status-publish","has-post-thumbnail","hentry"],"_links":{"self":[{"href":"https:\/\/www.kchch.sk\/en\/wp-json\/wp\/v2\/pages\/1467","targetHints":{"allow":["GET"]}}],"collection":[{"href":"https:\/\/www.kchch.sk\/en\/wp-json\/wp\/v2\/pages"}],"about":[{"href":"https:\/\/www.kchch.sk\/en\/wp-json\/wp\/v2\/types\/page"}],"author":[{"embeddable":true,"href":"https:\/\/www.kchch.sk\/en\/wp-json\/wp\/v2\/users\/1"}],"replies":[{"embeddable":true,"href":"https:\/\/www.kchch.sk\/en\/wp-json\/wp\/v2\/comments?post=1467"}],"version-history":[{"count":0,"href":"https:\/\/www.kchch.sk\/en\/wp-json\/wp\/v2\/pages\/1467\/revisions"}],"wp:featuredmedia":[{"embeddable":true,"href":"https:\/\/www.kchch.sk\/en\/wp-json\/wp\/v2\/media\/10480"}],"wp:attachment":[{"href":"https:\/\/www.kchch.sk\/en\/wp-json\/wp\/v2\/media?parent=1467"}],"curies":[{"name":"wp","href":"https:\/\/api.w.org\/{rel}","templated":true}]}}