{"id":2563,"date":"2025-03-29T18:23:18","date_gmt":"2025-03-29T17:23:18","guid":{"rendered":"https:\/\/www.kchch.sk\/club-events\/"},"modified":"2025-12-29T17:45:59","modified_gmt":"2025-12-29T16:45:59","slug":"club-events","status":"publish","type":"page","link":"https:\/\/www.kchch.sk\/en\/club-events\/","title":{"rendered":"Exhibition dates"},"content":{"rendered":"\t\t<div data-elementor-type=\"wp-page\" data-elementor-id=\"2563\" class=\"elementor elementor-2563 elementor-28\" data-elementor-post-type=\"page\">\n\t\t\t\t<div class=\"elementor-element elementor-element-fbba8a7 e-flex e-con-boxed e-con e-parent\" data-id=\"fbba8a7\" data-element_type=\"container\" data-e-type=\"container\" data-settings=\"{&quot;background_background&quot;:&quot;classic&quot;}\">\n\t\t\t\t\t<div class=\"e-con-inner\">\n\t\t\t\t<div class=\"elementor-element elementor-element-53846f0 elementor-widget elementor-widget-text-editor\" data-id=\"53846f0\" data-element_type=\"widget\" data-e-type=\"widget\" data-widget_type=\"text-editor.default\">\n\t\t\t\t<div class=\"elementor-widget-container\">\n\t\t\t\t\t\t\t\t\t<p><strong>07.03.2026<\/strong> <a href=\"https:\/\/www.kchch.sk\/en\/sighthound-ss-cac-07-03-2026-vinicne\/\">Special show Vini\u010dn\u00e9<\/a> + preservation<br><strong>15.-16.08.2026<\/strong> Club and special show Mojm\u00edrovce + preservation (only on Sundays)<\/p>\t\t\t\t\t\t\t\t<\/div>\n\t\t\t\t<\/div>\n\t\t\t\t\t<\/div>\n\t\t\t\t<\/div>\n\t\t<div class=\"elementor-element elementor-element-8e454a8 e-flex e-con-boxed e-con e-parent\" data-id=\"8e454a8\" data-element_type=\"container\" data-e-type=\"container\">\n\t\t\t\t\t<div class=\"e-con-inner\">\n\t\t\t\t\t<\/div>\n\t\t\t\t<\/div>\n\t\t\t\t<\/div>\n\t\t","protected":false},"excerpt":{"rendered":"<p>07.03.2026 Special show Vini\u010dn\u00e9 + preservation15.-16.08.2026 Club and special show Mojm\u00edrovce + preservation (only on Sundays)<\/p>\n","protected":false},"author":1,"featured_media":8326,"parent":0,"menu_order":2,"comment_status":"closed","ping_status":"closed","template":"","meta":{"slim_seo":{"description":"Propoz\u00edcie na Klubov\u00e9 v\u00fdstavy. Klubov\u00e1 v\u00fdstava chrtov Mojm\u00edrovce 2026, \u0160peci\u00e1lna v\u00fdstava chrtov 2026.","title":"Exhibition dates - KCHCH"},"iawp_total_views":192,"footnotes":""},"class_list":["post-2563","page","type-page","status-publish","has-post-thumbnail","hentry"],"_links":{"self":[{"href":"https:\/\/www.kchch.sk\/en\/wp-json\/wp\/v2\/pages\/2563","targetHints":{"allow":["GET"]}}],"collection":[{"href":"https:\/\/www.kchch.sk\/en\/wp-json\/wp\/v2\/pages"}],"about":[{"href":"https:\/\/www.kchch.sk\/en\/wp-json\/wp\/v2\/types\/page"}],"author":[{"embeddable":true,"href":"https:\/\/www.kchch.sk\/en\/wp-json\/wp\/v2\/users\/1"}],"replies":[{"embeddable":true,"href":"https:\/\/www.kchch.sk\/en\/wp-json\/wp\/v2\/comments?post=2563"}],"version-history":[{"count":0,"href":"https:\/\/www.kchch.sk\/en\/wp-json\/wp\/v2\/pages\/2563\/revisions"}],"wp:featuredmedia":[{"embeddable":true,"href":"https:\/\/www.kchch.sk\/en\/wp-json\/wp\/v2\/media\/8326"}],"wp:attachment":[{"href":"https:\/\/www.kchch.sk\/en\/wp-json\/wp\/v2\/media?parent=2563"}],"curies":[{"name":"wp","href":"https:\/\/api.w.org\/{rel}","templated":true}]}}