{"id":3567,"date":"2026-04-13T13:02:21","date_gmt":"2026-04-13T11:02:21","guid":{"rendered":"https:\/\/www.kchch.sk\/breeding-individuals\/"},"modified":"2026-04-13T13:02:42","modified_gmt":"2026-04-13T11:02:42","slug":"breeding-individuals","status":"publish","type":"page","link":"https:\/\/www.kchch.sk\/en\/whippet\/breeding-individuals\/","title":{"rendered":"Breeding individuals"},"content":{"rendered":"\t\t<div data-elementor-type=\"wp-page\" data-elementor-id=\"3567\" class=\"elementor elementor-3567 elementor-3558\" data-elementor-post-type=\"page\">\n\t\t\t\t<div class=\"elementor-element elementor-element-da701c9 e-flex e-con-boxed e-con e-parent\" data-id=\"da701c9\" data-element_type=\"container\" data-e-type=\"container\">\n\t\t\t\t\t<div class=\"e-con-inner\">\n\t\t\t\t<div class=\"elementor-element elementor-element-6e18816 elementor-align-justify elementor-widget elementor-widget-button\" data-id=\"6e18816\" data-element_type=\"widget\" data-e-type=\"widget\" data-widget_type=\"button.default\">\n\t\t\t\t<div class=\"elementor-widget-container\">\n\t\t\t\t\t\t\t\t\t<div class=\"elementor-button-wrapper\">\n\t\t\t\t\t<a class=\"elementor-button elementor-button-link elementor-size-sm\" href=\"https:\/\/www.kchch.sk\/wp-content\/uploads\/2026\/04\/zoznam_chovnych_whippet.pdf\">\n\t\t\t\t\t\t<span class=\"elementor-button-content-wrapper\">\n\t\t\t\t\t\t\t\t\t<span class=\"elementor-button-text\">List of breeding individuals<\/span>\n\t\t\t\t\t<\/span>\n\t\t\t\t\t<\/a>\n\t\t\t\t<\/div>\n\t\t\t\t\t\t\t\t<\/div>\n\t\t\t\t<\/div>\n\t\t\t\t<div class=\"elementor-element elementor-element-444162f elementor-align-justify elementor-widget elementor-widget-button\" data-id=\"444162f\" data-element_type=\"widget\" data-e-type=\"widget\" data-widget_type=\"button.default\">\n\t\t\t\t<div class=\"elementor-widget-container\">\n\t\t\t\t\t\t\t\t\t<div class=\"elementor-button-wrapper\">\n\t\t\t\t\t<a class=\"elementor-button elementor-button-link elementor-size-sm\" href=\"https:\/\/www.kchch.sk\/wp-content\/uploads\/2026\/04\/krycie_povolenia_Whippet_13042026.pdf\" target=\"_blank\">\n\t\t\t\t\t\t<span class=\"elementor-button-content-wrapper\">\n\t\t\t\t\t\t\t\t\t<span class=\"elementor-button-text\">Issued cover permits as of 12.04.2026<\/span>\n\t\t\t\t\t<\/span>\n\t\t\t\t\t<\/a>\n\t\t\t\t<\/div>\n\t\t\t\t\t\t\t\t<\/div>\n\t\t\t\t<\/div>\n\t\t\t\t<div class=\"elementor-element elementor-element-31ced99 elementor-widget elementor-widget-heading\" data-id=\"31ced99\" data-element_type=\"widget\" data-e-type=\"widget\" data-widget_type=\"heading.default\">\n\t\t\t\t<div class=\"elementor-widget-container\">\n\t\t\t\t\t<h3 class=\"elementor-heading-title elementor-size-default\">Stud Dogs<\/h3>\t\t\t\t<\/div>\n\t\t\t\t<\/div>\n\t\t\t\t<div class=\"elementor-element elementor-element-428d975 elementor-widget elementor-widget-heading\" data-id=\"428d975\" data-element_type=\"widget\" data-e-type=\"widget\" data-widget_type=\"heading.default\">\n\t\t\t\t<div class=\"elementor-widget-container\">\n\t\t\t\t\t<h3 class=\"elementor-heading-title elementor-size-default\">Females<\/h3>\t\t\t\t<\/div>\n\t\t\t\t<\/div>\n\t\t\t\t\t<\/div>\n\t\t\t\t<\/div>\n\t\t<div class=\"elementor-element elementor-element-77ba1da e-flex e-con-boxed e-con e-parent\" data-id=\"77ba1da\" data-element_type=\"container\" data-e-type=\"container\">\n\t\t\t\t\t<div class=\"e-con-inner\">\n\t\t\t\t\t<\/div>\n\t\t\t\t<\/div>\n\t\t\t\t<\/div>\n\t\t","protected":false},"excerpt":{"rendered":"<p>List of breeding individuals Issued cover permits as of 12.04.2026 Stud Dogs Females<\/p>\n","protected":false},"author":1,"featured_media":11901,"parent":5753,"menu_order":0,"comment_status":"closed","ping_status":"closed","template":"","meta":{"slim_seo":{"description":"Chovn\u00e9 jedince plemena Whippet na Slovensku, \u010dlenovia Slovensk\u00e9ho klubu chovate\u013eov chrtov.","title":"Breeding individuals - KCHCH"},"iawp_total_views":51,"footnotes":""},"class_list":["post-3567","page","type-page","status-publish","has-post-thumbnail","hentry"],"_links":{"self":[{"href":"https:\/\/www.kchch.sk\/en\/wp-json\/wp\/v2\/pages\/3567","targetHints":{"allow":["GET"]}}],"collection":[{"href":"https:\/\/www.kchch.sk\/en\/wp-json\/wp\/v2\/pages"}],"about":[{"href":"https:\/\/www.kchch.sk\/en\/wp-json\/wp\/v2\/types\/page"}],"author":[{"embeddable":true,"href":"https:\/\/www.kchch.sk\/en\/wp-json\/wp\/v2\/users\/1"}],"replies":[{"embeddable":true,"href":"https:\/\/www.kchch.sk\/en\/wp-json\/wp\/v2\/comments?post=3567"}],"version-history":[{"count":0,"href":"https:\/\/www.kchch.sk\/en\/wp-json\/wp\/v2\/pages\/3567\/revisions"}],"up":[{"embeddable":true,"href":"https:\/\/www.kchch.sk\/en\/wp-json\/wp\/v2\/pages\/5753"}],"wp:featuredmedia":[{"embeddable":true,"href":"https:\/\/www.kchch.sk\/en\/wp-json\/wp\/v2\/media\/11901"}],"wp:attachment":[{"href":"https:\/\/www.kchch.sk\/en\/wp-json\/wp\/v2\/media?parent=3567"}],"curies":[{"name":"wp","href":"https:\/\/api.w.org\/{rel}","templated":true}]}}