{"id":4123,"date":"2025-08-11T16:22:13","date_gmt":"2025-08-11T14:22:13","guid":{"rendered":"https:\/\/www.kchch.sk\/kennels-2\/"},"modified":"2025-10-01T15:30:53","modified_gmt":"2025-10-01T13:30:53","slug":"kennels-iw","status":"publish","type":"page","link":"https:\/\/www.kchch.sk\/en\/irsky-vlkodav\/kennels-iw\/","title":{"rendered":"Kennels Azawakh"},"content":{"rendered":"\t\t<div data-elementor-type=\"wp-page\" data-elementor-id=\"4123\" class=\"elementor elementor-4123 elementor-3231\" data-elementor-post-type=\"page\">\n\t\t\t\t<div class=\"elementor-element elementor-element-fb60410 e-flex e-con-boxed e-con e-parent\" data-id=\"fb60410\" data-element_type=\"container\" data-e-type=\"container\">\n\t\t\t\t\t<div class=\"e-con-inner\">\n\t\t\t\t<div class=\"elementor-element elementor-element-729715c elementor-widget elementor-widget-text-editor\" data-id=\"729715c\" data-element_type=\"widget\" data-e-type=\"widget\" data-widget_type=\"text-editor.default\">\n\t\t\t\t<div class=\"elementor-widget-container\">\n\t\t\t\t\t\t\t\t\t<p style=\"text-align: left;\"><strong>ASHLAR GARTH <\/strong><br>MVDr. Pavol \u0160terb\u00e1k<b><br><\/b>Hlavn\u00e1 355, 082 16 Fintice, okr. Pre\u0161ov<br><a href=\"mailto:ashlar_garth@azet.sk\">ashlar_garth@azet.sk<\/a>, <a href=\"http:\/\/www.ashlargarth.sk\/\" target=\"_blank\" rel=\"noopener noreferrer nofollow\">www.ashlargarth.sk<\/a><\/p><hr><p style=\"text-align: left;\" align=\"center\"><strong>CASIDY RAY<\/strong><b><br><\/b>Vin\u00e1rska 6, 900 01 Modra<br><a href=\"mailto:ppolcicova@gmail.com\">ppolcicova@gmail.com<\/a>, <a href=\"https:\/\/casidyray.sk\/\" target=\"_blank\" rel=\"noopener noreferrer nofollow\">https:\/\/casidyray.sk\/<\/a><\/p><hr><p style=\"text-align: left;\" align=\"center\"><strong>CASIUS GALAXY<\/strong><br>\u0160trb\u00edkov\u00e1 Helena Mgr.<b><br><\/b>Brehov\u00e1 421\/4B, 919 51 \u0160pa\u010dince<br><a href=\"mailto:helena.strbikova@hotmail.com\">helena.strbikova@hotmail.com<\/a>, <a href=\"https:\/\/www.casiusgalaxy.pageride.sk\/\" target=\"_blank\" rel=\"noopener noreferrer nofollow\">www.casiusgalaxy.pageride.sk<\/a><\/p><hr><div><p style=\"text-align: left;\" align=\"center\"><strong>DEFINITION OF BEAUTY<\/strong><br>Yagmur Yilmaz<br>Hummel Stra\u00dfe 46, 2410 Hainburg<br><a href=\"mailto:yil%6Da%7Aya%67mur1%328@%67mail%2E%63om\">yilmazyagmur128@gmail.com<\/a>, <a href=\"https:\/\/www.yilmazyagmur128@gmail.com\" target=\"_blank\" rel=\"noopener noreferrer nofollow\">definitionofbeauty.eu<\/a><\/p><hr><p style=\"text-align: left;\" align=\"center\"><strong>DEVANA&#8217;A ARROW<\/strong><br>Du\u0161an \u010eurdina<br>97101 Ve\u013ek\u00e1 \u010causa 58<br>Email: <a href=\"mailto:Esenceofseilence@gmail.com\">Esenceofseilence@gmail.com<\/a><br>Facebook &#8211; Michaela SHS \u010eurdinov\u00e1<\/p><hr><p style=\"text-align: left;\" align=\"center\"><strong>DIAMOND WAY<\/strong><br>Ivan Surovec<b><br><\/b>Nevidzany 31, 97227 Lie\u0161\u0165any<br><a class=\"moz-txt-link-abbreviated\" href=\"mailto:surovcova.cstrading@gmail.com\">surovcova.cstrading@gmail.com<\/a><\/p><hr><p style=\"text-align: left;\"><strong>ERDOR IRIS<\/strong><br>Martina Holbov\u00e1<b><br><\/b>Vozokany 164, 956 05 Vozokany<br><a href=\"mailto:martina.holbova@gmail.com\">martina.holbova@gmail.com<\/a><\/p><hr><p style=\"text-align: left;\"><strong>FAIRYTALE GARDEN<\/strong><br>Proch\u00e1dzkov\u00e1 Ren\u00e1ta<br>G\u00fag 17, 941 22 Zemn\u00e9<br><a href=\"mailto:renata.prochazkova85@gmail.com\">renata.prochazkova85@gmail.com<\/a><\/p><div style=\"text-align: left;\"><hr><p><strong>GIANTS GARDEN<br><\/strong>Ing. Michal Stoli\u010dn\u00fd<br>Mieru 188\/12, 059 39, \u0160u\u0148ava<br><a href=\"mailto:giantsgarden.iw@gmail.com\" target=\"_blank\" rel=\"noopener\">giantsgarden.iw@gmail.com<\/a><\/p><hr><p><strong>JATVER<\/strong><br>J\u00e1n Tverd\u00edk<br>Rusk\u00e9 Pek\u013eany 36, 08242 \u013dubovec<br><a href=\"mailto:jatver.dog@gmail.com\">jatver.dog@gmail.com<\/a><\/p><hr><p><strong>MATUSALEM<\/strong><br>Drag\u00fa\u0148ov\u00e1 Janka<br>Slne\u010dn\u00e1 148\/19, 900 42 Miloslavov<br><a title=\"http:\/\/www.irskyvlkodav.sk\/\" href=\"http:\/\/www.irskyvlkodav.sk\/\" target=\"_blank\" rel=\"noopener noreferrer nofollow\">www.irskyvlkodav.sk<\/a><\/p><hr><p><strong>MAVIS CASTLE<\/strong><br>Veronika \u0160trb\u00edkov\u00e1<br>Brehov\u00e1 421\/4B, 919 51 \u0160pa\u010dince<br><a href=\"mailto:mavis.castle@hotmail.com\">mavis.castle@hotmail.com<\/a>, <a href=\"mailto:v.strbikova@centrum.sk\">v.strbikova@centrum.sk<\/a>, <a href=\"http:\/\/www.maviscastle.wbl.sk\/\" target=\"_blank\" rel=\"noopener noreferrer nofollow\">www.maviscastle.wbl.sk<\/a><\/p><hr><p><strong>MAGNUS COR<\/strong><br>Ren\u00e1ta Komadov\u00e1<br>\u010cernochov vrch 1252, 91601 Star\u00e1 Tur\u00e1<br><a href=\"http:\/\/www.wolfhound-magnuscor.com\/\" target=\"_blank\" rel=\"noopener noreferrer nofollow\">www.wolfhound-magnuscor.com<\/a>, <a href=\"mailto:magnuscor.iw@gmail.com\">magnuscor.iw@gmail.com<\/a><\/p><hr><p><strong>MAISON PLEINE D\u2019AMOUR<br><\/strong>Il\u010d\u00edkov\u00e1 Adriana<br>Bu\u010dany 167, 919 28 Trnava<br><a href=\"mailto:aurickova@post.sk\">aurickova@post.sk<\/a><\/p><hr><p><strong>MALKIA GARDEN<\/strong><br>Peter Mikle<br>Nevidzany 313,951 62 Nevidzany<br><a href=\"mailto:dlazbymikle@gmail.com\">dlazbymikle@gmail.com<\/a><\/p><hr><p><strong>MITIS ARAFA<\/strong><br>Jana Landlov\u00e1<br>SNP 265\/9, 916 01 Star\u00e1 Tur\u00e1<br><a href=\"mailto:jlandlova@gmail.com\">jlandlova@gmail.com<\/a><\/p><hr><p><strong>OF CUBADEL<\/strong><br>Adela \u0160inkov\u00e1<br>Kalin\u010diakovo 211, 934 01 Levice<br><a href=\"mailto:adela.sinkova@gmail.com\">adela.sinkova@gmail.com<\/a><\/p><div><hr><\/div><\/div><p style=\"text-align: left;\"><strong>QUIET SOUL<\/strong><br>Mas\u00e1r R\u00f3bert<br>916 22 Podolie 985<br><a href=\"mailto:robert.masar46@gmail.com\">robert.masar46@gmail.com<\/a>, <a href=\"http:\/\/www.irskyvlkodav-qs.com\" target=\"_blank\" rel=\"noopener noreferrer nofollow\">www.irskyvlkodav-qs.com<\/a><\/p><hr><p style=\"text-align: left;\"><strong>SIDAILI<\/strong><br>\u010euricov\u00e1 Lucia<br>Prostredn\u00e1 3, 963 01 Krupina<br><a href=\"mailto:duricova.lucia11@zoznam.sk\">duricova.lucia11@zoznam.sk<\/a><\/p><hr><p style=\"text-align: left;\"><strong>YVANAEA APONI<\/strong><br>Ka\u010dinov\u00e1 Jana<br>941 08 Rastislavice 41<br><a href=\"mailto:kovinka55@gmail.com\">kovinka55@gmail.com<\/a>, <a href=\"http:\/\/aponi.webnode.sk\/\" target=\"_blank\" rel=\"noopener noreferrer nofollow\">http:\/\/aponi.webnode.sk\/<\/a><\/p><hr><p style=\"text-align: left;\"><strong>TULLAMORE GOOD STUFF<\/strong><br>Joklov\u00e1 Ivana<br>Vajnory 12120, 83107 Bratislava<br><a href=\"mailto:ifka.joklova@gmail.com\">ifka.joklova@gmail.com<\/a><br>Website &#8211;<\/p><\/div>\t\t\t\t\t\t\t\t<\/div>\n\t\t\t\t<\/div>\n\t\t\t\t\t<\/div>\n\t\t\t\t<\/div>\n\t\t\t\t<\/div>\n\t\t","protected":false},"excerpt":{"rendered":"<p>ASHLAR GARTH MVDr. Pavol \u0160terb\u00e1kHlavn\u00e1 355, 082 16 Fintice, okr. Pre\u0161ovashlar_garth@azet.sk, www.ashlargarth.sk CASIDY RAYVin\u00e1rska 6, 900 01 Modrappolcicova@gmail.com, https:\/\/casidyray.sk\/ CASIUS GALAXY\u0160trb\u00edkov\u00e1 Helena Mgr.Brehov\u00e1 421\/4B, 919 51 \u0160pa\u010dincehelena.strbikova@hotmail.com, www.casiusgalaxy.pageride.sk DEFINITION OF BEAUTYYagmur YilmazHummel Stra\u00dfe 46, 2410 Hainburgyilmazyagmur128@gmail.com, definitionofbeauty.eu DEVANA&#8217;A ARROWDu\u0161an \u010eurdina97101 Ve\u013ek\u00e1 \u010causa 58Email: Esenceofseilence@gmail.comFacebook &#8211; Michaela SHS \u010eurdinov\u00e1 DIAMOND WAYIvan SurovecNevidzany 31, 97227 Lie\u0161\u0165anysurovcova.cstrading@gmail.com ERDOR [&hellip;]<\/p>\n","protected":false},"author":1,"featured_media":3769,"parent":4380,"menu_order":0,"comment_status":"closed","ping_status":"closed","template":"","meta":{"slim_seo":{"title":"Kennels Azawakh - KCHCH","description":"ASHLAR GARTH MVDr. Pavol \u0160terb\u00e1k Hlavn\u00e1 355, 082 16 Fintice, okr. Pre\u0161ov ashlar_garth@azet.sk , www.ashlargarth.sk CASIDY RAY Vin\u00e1rska 6, 900 01 Modra ppolcicov"},"iawp_total_views":85,"footnotes":""},"class_list":["post-4123","page","type-page","status-publish","has-post-thumbnail","hentry"],"_links":{"self":[{"href":"https:\/\/www.kchch.sk\/en\/wp-json\/wp\/v2\/pages\/4123","targetHints":{"allow":["GET"]}}],"collection":[{"href":"https:\/\/www.kchch.sk\/en\/wp-json\/wp\/v2\/pages"}],"about":[{"href":"https:\/\/www.kchch.sk\/en\/wp-json\/wp\/v2\/types\/page"}],"author":[{"embeddable":true,"href":"https:\/\/www.kchch.sk\/en\/wp-json\/wp\/v2\/users\/1"}],"replies":[{"embeddable":true,"href":"https:\/\/www.kchch.sk\/en\/wp-json\/wp\/v2\/comments?post=4123"}],"version-history":[{"count":0,"href":"https:\/\/www.kchch.sk\/en\/wp-json\/wp\/v2\/pages\/4123\/revisions"}],"up":[{"embeddable":true,"href":"https:\/\/www.kchch.sk\/en\/wp-json\/wp\/v2\/pages\/4380"}],"wp:featuredmedia":[{"embeddable":true,"href":"https:\/\/www.kchch.sk\/en\/wp-json\/wp\/v2\/media\/3769"}],"wp:attachment":[{"href":"https:\/\/www.kchch.sk\/en\/wp-json\/wp\/v2\/media?parent=4123"}],"curies":[{"name":"wp","href":"https:\/\/api.w.org\/{rel}","templated":true}]}}