{"id":4291,"date":"2023-02-24T17:04:41","date_gmt":"2023-02-24T16:04:41","guid":{"rendered":"https:\/\/www.kchch.sk\/anglicky-chrt\/kennels\/"},"modified":"2023-03-29T15:20:01","modified_gmt":"2023-03-29T13:20:01","slug":"kennels","status":"publish","type":"page","link":"https:\/\/www.kchch.sk\/en\/anglicky-chrt\/kennels\/","title":{"rendered":"Kennels Greyhound"},"content":{"rendered":"\t\t<div data-elementor-type=\"wp-page\" data-elementor-id=\"4291\" class=\"elementor elementor-4291 elementor-3047\" data-elementor-post-type=\"page\">\n\t\t\t\t<div class=\"elementor-element elementor-element-2715aa3 e-flex e-con-boxed e-con e-parent\" data-id=\"2715aa3\" data-element_type=\"container\" data-e-type=\"container\">\n\t\t\t\t\t<div class=\"e-con-inner\">\n\t\t\t\t<div class=\"elementor-element elementor-element-d88e72e elementor-widget elementor-widget-text-editor\" data-id=\"d88e72e\" data-element_type=\"widget\" data-e-type=\"widget\" data-widget_type=\"text-editor.default\">\n\t\t\t\t<div class=\"elementor-widget-container\">\n\t\t\t\t\t\t\t\t\t<p style=\"text-align: left;\">ELEGANCE IN MOTION<\/p>\n<p style=\"text-align: left;\" align=\"center\">MVDr. Petra Masarovi\u010dov\u00e1<b><br \/><\/b>Beckovsk\u00e1 30, 821 04 Bratislava<br \/><a href=\"mailto:5masarovicova@gmail.com\">5masarovicova@gmail.com<\/a><\/p>\n<hr>\n<p style=\"text-align: left;\">ERIDANUS STAR<\/p>\n<p style=\"text-align: left;\" align=\"center\">\u013dudov\u00edt M\u00e9sz\u00e1ros + MVDr.Petra Schmidtov\u00e1<b><br \/><\/b>Nitrianska Cesta 70, Nov\u00e9 Z\u00e1mky 940 54<br \/><a title=\"mailto:meszaros.lajcsi@gmail.com\" href=\"mailto:meszaros.lajcsi@gmail.com\">meszaros.lajcsi@gmail.com<\/a><\/p>\n<hr>\n<p style=\"text-align: left;\">HONOR<\/p>\n<p style=\"text-align: left;\" align=\"center\">Mozd\u00edk Pavol<br \/>\u013d.Podjavorinskej 78, 953 01 Zlat\u00e9 Moravce<\/p>\n<hr>\n<p style=\"text-align: left;\">RADENA SLOVAKIA<\/p>\n<p style=\"text-align: left;\">Ing. Radovan Bo\u010d\u00e1k<strong><br \/><\/strong>Galanta \u2013 Javorinka 119, 925 01<br \/><a href=\"mailto:rbx@centrum.sk\">rbx@centrum.sk<\/a>, <a href=\"http:\/\/www.radena-slovakia.net\/\" target=\"_blank\" rel=\"noopener noreferrer nofollow\">http:\/\/www.radena-slovakia.net\/<\/a><\/p>\n\t\t\t\t\t\t\t\t<\/div>\n\t\t\t\t<\/div>\n\t\t\t\t\t<\/div>\n\t\t\t\t<\/div>\n\t\t\t\t<\/div>\n\t\t","protected":false},"excerpt":{"rendered":"<p>ELEGANCE IN MOTION MVDr. Petra Masarovi\u010dov\u00e1Beckovsk\u00e1 30, 821 04 Bratislava5masarovicova@gmail.com ERIDANUS STAR \u013dudov\u00edt M\u00e9sz\u00e1ros + MVDr.Petra Schmidtov\u00e1Nitrianska Cesta 70, Nov\u00e9 Z\u00e1mky 940 54meszaros.lajcsi@gmail.com HONOR Mozd\u00edk Pavol\u013d.Podjavorinskej 78, 953 01 Zlat\u00e9 Moravce RADENA SLOVAKIA Ing. Radovan Bo\u010d\u00e1kGalanta \u2013 Javorinka 119, 925 01rbx@centrum.sk, http:\/\/www.radena-slovakia.net\/<\/p>\n","protected":false},"author":1,"featured_media":0,"parent":3631,"menu_order":0,"comment_status":"closed","ping_status":"closed","template":"","meta":{"slim_seo":{"title":"Kennels Greyhound - KCHCH","description":"ELEGANCE IN MOTION MVDr. Petra Masarovi\u010dov\u00e1 Beckovsk\u00e1 30, 821 04 Bratislava 5masarovicova@gmail.com ERIDANUS STAR \u013dudov\u00edt M\u00e9sz\u00e1ros + MVDr.Petra Schmidtov\u00e1 Nitri"},"iawp_total_views":56,"footnotes":""},"class_list":["post-4291","page","type-page","status-publish","hentry"],"_links":{"self":[{"href":"https:\/\/www.kchch.sk\/en\/wp-json\/wp\/v2\/pages\/4291","targetHints":{"allow":["GET"]}}],"collection":[{"href":"https:\/\/www.kchch.sk\/en\/wp-json\/wp\/v2\/pages"}],"about":[{"href":"https:\/\/www.kchch.sk\/en\/wp-json\/wp\/v2\/types\/page"}],"author":[{"embeddable":true,"href":"https:\/\/www.kchch.sk\/en\/wp-json\/wp\/v2\/users\/1"}],"replies":[{"embeddable":true,"href":"https:\/\/www.kchch.sk\/en\/wp-json\/wp\/v2\/comments?post=4291"}],"version-history":[{"count":0,"href":"https:\/\/www.kchch.sk\/en\/wp-json\/wp\/v2\/pages\/4291\/revisions"}],"up":[{"embeddable":true,"href":"https:\/\/www.kchch.sk\/en\/wp-json\/wp\/v2\/pages\/3631"}],"wp:attachment":[{"href":"https:\/\/www.kchch.sk\/en\/wp-json\/wp\/v2\/media?parent=4291"}],"curies":[{"name":"wp","href":"https:\/\/api.w.org\/{rel}","templated":true}]}}