{"id":4350,"date":"2023-02-24T17:22:50","date_gmt":"2023-02-24T16:22:50","guid":{"rendered":"https:\/\/www.kchch.sk\/arabsky-chrt\/kennels\/"},"modified":"2023-03-17T20:26:20","modified_gmt":"2023-03-17T19:26:20","slug":"kennels","status":"publish","type":"page","link":"https:\/\/www.kchch.sk\/en\/arabsky-chrt\/kennels\/","title":{"rendered":"Kennels Sloughi"},"content":{"rendered":"\t\t<div data-elementor-type=\"wp-page\" data-elementor-id=\"4350\" class=\"elementor elementor-4350 elementor-3082\" data-elementor-post-type=\"page\">\n\t\t\t\t<div class=\"elementor-element elementor-element-d1c84f8 e-flex e-con-boxed e-con e-parent\" data-id=\"d1c84f8\" data-element_type=\"container\" data-e-type=\"container\">\n\t\t\t\t\t<div class=\"e-con-inner\">\n\t\t\t\t<div class=\"elementor-element elementor-element-6802e9b elementor-widget elementor-widget-text-editor\" data-id=\"6802e9b\" data-element_type=\"widget\" data-e-type=\"widget\" data-widget_type=\"text-editor.default\">\n\t\t\t\t<div class=\"elementor-widget-container\">\n\t\t\t\t\t\t\t\t\t<p style=\"text-align: left;\"><strong>ORIGEN CHARM<br \/><\/strong>Zuzana Baumannov\u00e1<br \/>Pot\u00f4nske L\u00faky<br \/><a class=\"moz-txt-link-abbreviated\" href=\"mailto:zuzana.baumannova@gmail.com\">zuzana.baumannova@gmail.com<\/a>, <a href=\"https:\/\/www.sloughi.sk\/\" target=\"_blank\" rel=\"noopener noreferrer nofollow\">www.sloughi.sk<\/a><\/p>\n<hr>\n<p style=\"text-align: left;\"><strong>SAYED ASSAHRA<br \/><\/strong>Ing. Ivan P\u00e1dej<b><br \/><\/b>Dechtice 334, 91953<br \/><a title=\"mailto:ivan.padej@gmail.com\" href=\"mailto:ivan.padej@gmail.com\">ivan.padej@gmail.com<\/a>, <a title=\"http:\/\/sayedassahra.blogspot.com\/\" href=\"http:\/\/sayedassahra.blogspot.com\/\" target=\"_blank\" rel=\"noopener noreferrer nofollow\">sayedassahra.blogspot.com<\/a><\/p>\n\t\t\t\t\t\t\t\t<\/div>\n\t\t\t\t<\/div>\n\t\t\t\t\t<\/div>\n\t\t\t\t<\/div>\n\t\t\t\t<\/div>\n\t\t","protected":false},"excerpt":{"rendered":"<p>ORIGEN CHARMZuzana Baumannov\u00e1Pot\u00f4nske L\u00fakyzuzana.baumannova@gmail.com, www.sloughi.sk SAYED ASSAHRAIng. Ivan P\u00e1dejDechtice 334, 91953ivan.padej@gmail.com, sayedassahra.blogspot.com<\/p>\n","protected":false},"author":1,"featured_media":0,"parent":4293,"menu_order":0,"comment_status":"closed","ping_status":"closed","template":"","meta":{"slim_seo":{"title":"Kennels Sloughi - KCHCH","description":"ORIGEN CHARM Zuzana Baumannov\u00e1 Pot\u00f4nske L\u00faky zuzana.baumannova@gmail.com , www.sloughi.sk SAYED ASSAHRA Ing. Ivan P\u00e1dej Dechtice 334, 91953 ivan.padej@gmail.com"},"iawp_total_views":27,"footnotes":""},"class_list":["post-4350","page","type-page","status-publish","hentry"],"_links":{"self":[{"href":"https:\/\/www.kchch.sk\/en\/wp-json\/wp\/v2\/pages\/4350","targetHints":{"allow":["GET"]}}],"collection":[{"href":"https:\/\/www.kchch.sk\/en\/wp-json\/wp\/v2\/pages"}],"about":[{"href":"https:\/\/www.kchch.sk\/en\/wp-json\/wp\/v2\/types\/page"}],"author":[{"embeddable":true,"href":"https:\/\/www.kchch.sk\/en\/wp-json\/wp\/v2\/users\/1"}],"replies":[{"embeddable":true,"href":"https:\/\/www.kchch.sk\/en\/wp-json\/wp\/v2\/comments?post=4350"}],"version-history":[{"count":0,"href":"https:\/\/www.kchch.sk\/en\/wp-json\/wp\/v2\/pages\/4350\/revisions"}],"up":[{"embeddable":true,"href":"https:\/\/www.kchch.sk\/en\/wp-json\/wp\/v2\/pages\/4293"}],"wp:attachment":[{"href":"https:\/\/www.kchch.sk\/en\/wp-json\/wp\/v2\/media?parent=4350"}],"curies":[{"name":"wp","href":"https:\/\/api.w.org\/{rel}","templated":true}]}}