{"id":4574,"date":"2023-02-16T07:11:05","date_gmt":"2023-02-16T06:11:05","guid":{"rendered":"https:\/\/www.kchch.sk\/pyments\/"},"modified":"2023-03-04T16:21:02","modified_gmt":"2023-03-04T15:21:02","slug":"payments","status":"publish","type":"page","link":"https:\/\/www.kchch.sk\/en\/payments\/","title":{"rendered":"Payments"},"content":{"rendered":"\t\t<div data-elementor-type=\"wp-page\" data-elementor-id=\"4574\" class=\"elementor elementor-4574 elementor-253\" data-elementor-post-type=\"page\">\n\t\t\t\t<div class=\"elementor-element elementor-element-b99133b e-flex e-con-boxed e-con e-parent\" data-id=\"b99133b\" data-element_type=\"container\" data-e-type=\"container\">\n\t\t\t\t\t<div class=\"e-con-inner\">\n\t\t\t\t<div class=\"elementor-element elementor-element-7e6f61e elementor-widget elementor-widget-text-editor\" data-id=\"7e6f61e\" data-element_type=\"widget\" data-e-type=\"widget\" data-widget_type=\"text-editor.default\">\n\t\t\t\t<div class=\"elementor-widget-container\">\n\t\t\t\t\t\t\t\t\t<p style=\"font-weight: 400;\"><strong>Slovensk\u00fd klub chovate\u013eov chrtov<\/strong><\/p><p style=\"font-weight: 400;\">Dem\u00e4novsk\u00e1 48, 831 06 Bratislava &#8211; Ra\u010da <br \/>I\u010cO: 42 136 032<br \/>DI\u010c: 2022733658<br \/>E-mail: <a href=\"mailto:gandamak1@gmail.com\">gandamak1@gmail.com<\/a><br \/>Tel.\/fax: +421 917 874 112 Vojtek Vlastislav | +421 918 362 054 Vojtekov\u00e1 Iveta<\/p><p style=\"font-weight: 400;\"><strong>Bank account:<\/strong> SLSP a.s. 0011468215\/0900<br \/>IBAN SK27 0900 0000 0000 1146 8215<br \/>BIC GIBASKBX<\/p>\t\t\t\t\t\t\t\t<\/div>\n\t\t\t\t<\/div>\n\t\t\t\t<div class=\"elementor-element elementor-element-f2f7c73 elementor-widget elementor-widget-shortcode\" data-id=\"f2f7c73\" data-element_type=\"widget\" data-e-type=\"widget\" data-widget_type=\"shortcode.default\">\n\t\t\t\t<div class=\"elementor-widget-container\">\n\t\t\t\t\t\t\t<div class=\"elementor-shortcode\"><div class=\"supsystic-table-loader spinner\"style=\"background-color:#000000\"><\/div><div id=\"supsystic-table-8_29882\" class=\"supsystic-tables-wrap \" style=\" width:100%; visibility: hidden; \" data-table-width-fixed=\"100%\" data-table-width-mobile=\"100%\" ><table id=\"supsystic-table-8\" class=\"supsystic-table border lightboxImg cell-border\" data-id=\"8\" data-view-id=\"8_29882\" data-title=\"poplatky-en\" data-currency-format=\"$1,000.00\" data-percent-format=\"10.00%\" data-date-format=\"DD.MM.YYYY\" data-time-format=\"HH:mm\" data-features=\"[&quot;after_table_loaded_script&quot;]\" data-search-value=\"\" data-lightbox-img=\"\" data-head-rows-count=\"1\" data-pagination-length=\"50,100,All\" data-auto-index=\"off\" data-searching-settings=\"{&quot;columnSearchPosition&quot;:&quot;bottom&quot;,&quot;minChars&quot;:&quot;0&quot;}\" data-lang=\"default\" data-override=\"{&quot;emptyTable&quot;:&quot;&quot;,&quot;info&quot;:&quot;&quot;,&quot;infoEmpty&quot;:&quot;&quot;,&quot;infoFiltered&quot;:&quot;&quot;,&quot;lengthMenu&quot;:&quot;&quot;,&quot;search&quot;:&quot;&quot;,&quot;previous&quot;:&quot;&quot;,&quot;next&quot;:&quot;&quot;,&quot;zeroRecords&quot;:&quot;&quot;,&quot;exportLabel&quot;:&quot;&quot;,&quot;file&quot;:&quot;default&quot;}\" data-merged=\"[]\" data-responsive-mode=\"0\" data-from-history=\"0\" ><thead><tr><th class=\"\" style=\"width:; padding: 0 !important;\"><\/th><th class=\"\" style=\"width:; padding: 0 !important;\"><\/th><th class=\"\" style=\"width:; padding: 0 !important;\"><\/th><\/tr><\/thead><tbody><tr style=\"height:px\" ><td data-cell-id=\"A1\" data-x=\"0\" data-y=\"1\" data-db-index=\"1\" class=\"\" data-cell-type=\"text\" data-original-value=\"\" data-order=\"\" style=\"min-width:61.6327%; \" ><\/td><td data-cell-id=\"B1\" data-x=\"1\" data-y=\"1\" data-db-index=\"1\" class=\"bg-bf609e color-ffffff\" data-cell-type=\"text\" data-original-value=\"Club member\" data-order=\"Club member\" style=\"min-width:19.5918%; \" >Club member <\/td><td data-cell-id=\"C1\" data-x=\"2\" data-y=\"1\" data-db-index=\"1\" class=\"bg-bf609e color-ffffff\" data-cell-type=\"text\" data-original-value=\"Non member\" data-order=\"Non member\" style=\"min-width:18.7755%; \" >Non member <\/td><\/tr><tr style=\"height:px\" ><td data-cell-id=\"A2\" data-x=\"0\" data-y=\"2\" data-db-index=\"2\" class=\"color-000000\" data-cell-type=\"text\" data-original-value=\"Registration fee (new member)\" data-order=\"Registration fee (new member)\" >Registration fee (new member) <\/td><td data-cell-id=\"B2\" data-x=\"1\" data-y=\"2\" data-db-index=\"2\" class=\"color-000000\" data-cell-type=\"text\" data-original-value=\"10 \u20ac \" data-order=\"10 \u20ac \" >10 \u20ac <\/td><td data-cell-id=\"C2\" data-x=\"2\" data-y=\"2\" data-db-index=\"2\" class=\"color-000000\" data-cell-type=\"text\" data-original-value=\"\" data-order=\"\" ><\/td><\/tr><tr style=\"height:px\" ><td data-cell-id=\"A3\" data-x=\"0\" data-y=\"3\" data-db-index=\"3\" class=\"\" data-cell-type=\"text\" data-original-value=\"Membership fee (payable every year by 31.1. of the given year)\" data-order=\"Membership fee (payable every year by 31.1. of the given year)\" >Membership fee (payable every year by 31.1. of the given year) <\/td><td data-cell-id=\"B3\" data-x=\"1\" data-y=\"3\" data-db-index=\"3\" class=\"\" data-cell-type=\"text\" data-original-value=\"25 \u20ac \/ 1 year\" data-order=\"25 \u20ac \/ 1 year\" >25 \u20ac \/ 1 year <\/td><td data-cell-id=\"C3\" data-x=\"2\" data-y=\"3\" data-db-index=\"3\" class=\"\" data-cell-type=\"text\" data-original-value=\"\" data-order=\"\" ><\/td><\/tr><tr style=\"height:px\" ><td data-cell-id=\"A4\" data-x=\"0\" data-y=\"4\" data-db-index=\"4\" class=\"\" data-cell-type=\"text\" data-original-value=\"Advertising for non member (note your name)\" data-order=\"Advertising for non member (note your name)\" >Advertising for non member (note your name) <\/td><td data-cell-id=\"B4\" data-x=\"1\" data-y=\"4\" data-db-index=\"4\" class=\"\" data-cell-type=\"text\" data-original-value=\"-\" data-order=\"-\" >- <\/td><td data-cell-id=\"C4\" data-x=\"2\" data-y=\"4\" data-db-index=\"4\" class=\"\" data-cell-type=\"text\" data-original-value=\"17 \u20ac\" data-order=\"17 \u20ac\" >17 \u20ac <\/td><\/tr><\/tbody><\/table><!-- \/#supsystic-table-8.supsystic-table --><\/div><!-- \/.supsystic-tables-wrap --><!-- Tables Generator by Supsystic --><!-- Version:1.11.0 --><!-- http:\/\/supsystic.com\/ --><a title=\"WP DataTables\" style=\"display:none;\" href=\"https:\/\/supsystic.com\/plugins\/wordpress-data-table-plugin\/?utm_medium=love_link\" target=\"_blank\" rel=\"noopener noreferrer nofollow\">WP DataTables<\/a><\/div>\n\t\t\t\t\t\t<\/div>\n\t\t\t\t<\/div>\n\t\t\t\t\t<\/div>\n\t\t\t\t<\/div>\n\t\t\t\t<\/div>\n\t\t","protected":false},"excerpt":{"rendered":"<p>Slovensk\u00fd klub chovate\u013eov chrtov Dem\u00e4novsk\u00e1 48, 831 06 Bratislava &#8211; Ra\u010da I\u010cO: 42 136 032DI\u010c: 2022733658E-mail: gandamak1@gmail.comTel.\/fax: +421 917 874 112 Vojtek Vlastislav | +421 918 362 054 Vojtekov\u00e1 Iveta Bank account: SLSP a.s. 0011468215\/0900IBAN SK27 0900 0000 0000 1146 8215BIC GIBASKBX<\/p>\n","protected":false},"author":1,"featured_media":8092,"parent":0,"menu_order":9,"comment_status":"closed","ping_status":"closed","template":"","meta":{"slim_seo":{"title":"Payments - KCHCH","description":"Slovensk\u00fd klub chovate\u013eov chrtov Dem\u00e4novsk\u00e1 48, 831 06 Bratislava - Ra\u010da I\u010cO: 42 136 032 DI\u010c: 2022733658 E-mail: gandamak1@gmail.com Tel.\/fax: +421 917 874 112"},"iawp_total_views":13,"footnotes":""},"class_list":["post-4574","page","type-page","status-publish","has-post-thumbnail","hentry"],"_links":{"self":[{"href":"https:\/\/www.kchch.sk\/en\/wp-json\/wp\/v2\/pages\/4574","targetHints":{"allow":["GET"]}}],"collection":[{"href":"https:\/\/www.kchch.sk\/en\/wp-json\/wp\/v2\/pages"}],"about":[{"href":"https:\/\/www.kchch.sk\/en\/wp-json\/wp\/v2\/types\/page"}],"author":[{"embeddable":true,"href":"https:\/\/www.kchch.sk\/en\/wp-json\/wp\/v2\/users\/1"}],"replies":[{"embeddable":true,"href":"https:\/\/www.kchch.sk\/en\/wp-json\/wp\/v2\/comments?post=4574"}],"version-history":[{"count":0,"href":"https:\/\/www.kchch.sk\/en\/wp-json\/wp\/v2\/pages\/4574\/revisions"}],"wp:featuredmedia":[{"embeddable":true,"href":"https:\/\/www.kchch.sk\/en\/wp-json\/wp\/v2\/media\/8092"}],"wp:attachment":[{"href":"https:\/\/www.kchch.sk\/en\/wp-json\/wp\/v2\/media?parent=4574"}],"curies":[{"name":"wp","href":"https:\/\/api.w.org\/{rel}","templated":true}]}}