{"id":5538,"date":"2023-02-24T19:33:34","date_gmt":"2023-02-24T18:33:34","guid":{"rendered":"https:\/\/www.kchch.sk\/kennels-borsoi\/"},"modified":"2025-07-18T11:13:50","modified_gmt":"2025-07-18T09:13:50","slug":"kennels-borsoi","status":"publish","type":"page","link":"https:\/\/www.kchch.sk\/en\/barzoj\/kennels-borsoi\/","title":{"rendered":"Kennels borsoi"},"content":{"rendered":"\t\t<div data-elementor-type=\"wp-page\" data-elementor-id=\"5538\" class=\"elementor elementor-5538\" data-elementor-post-type=\"page\">\n\t\t\t\t<div class=\"elementor-element elementor-element-19964f5 e-flex e-con-boxed e-con e-parent\" data-id=\"19964f5\" data-element_type=\"container\" data-e-type=\"container\">\n\t\t\t\t\t<div class=\"e-con-inner\">\n\t\t\t\t<div class=\"elementor-element elementor-element-3106b55 elementor-widget elementor-widget-text-editor\" data-id=\"3106b55\" data-element_type=\"widget\" data-e-type=\"widget\" data-widget_type=\"text-editor.default\">\n\t\t\t\t<div class=\"elementor-widget-container\">\n\t\t\t\t\t\t\t\t\t<div class=\"elementor-toggle-item\"><div id=\"elementor-tab-content-1812\" class=\"elementor-tab-content elementor-clearfix elementor-active\" role=\"tabpanel\" data-tab=\"2\" aria-labelledby=\"elementor-tab-title-1812\"><p><strong>ARSINO\u00c9<br><\/strong>Peter Rizman<strong><br><\/strong>Timravy 8\/27, Martin \u2013 Podh\u00e1j, 036 01<br><a href=\"mailto:arsinoep@pobox.sk\">arsinoep@pobox.sk<\/a>, <a href=\"http:\/\/www.arsinoe.sk\/\" target=\"_blank\" rel=\"noopener noreferrer nofollow\">www.arsinoe.sk<\/a><\/p><hr><p><strong>BARNECO STAR OF HIGHLANDS<br><\/strong>Jozef Gvo\u017ediak<br>Vetern\u00e1 510, 930 41 Hviezdoslavov<br><a href=\"mailto:jozef.gvozdiak@gmail.com\">jozef.gvozdiak@gmail.com<\/a><\/p><hr><p><strong>CZ\u00c1RI FALKA<\/strong><br>Zuzana Spi\u0161iakov\u00e1<strong><br><\/strong>S\u00e1do\u010dn\u00e9 33 Domani\u017ea 018 16 <br><a href=\"mailto:czarifalka@gmail.com\">czarifalka@gmail.com<\/a>, <a href=\"http:\/\/www.czarifalka.webnode.sk\/\" target=\"_blank\" rel=\"noopener noreferrer nofollow\">www.czarifalka.webnode.sk<\/a><\/p><hr><p><strong>ESMONDRA BELLEREA<\/strong><br>PhDr. Alexandra Hi\u013eovsk\u00e1<br>Krakovsk\u00e1 13, 040 01 Ko\u0161ice <br><a href=\"mailto:esmondra.bellerea@gmail.com\">esmondra.bellerea@gmail.com<\/a>, <a href=\"https:\/\/www.facebook.com\/people\/Alexandra-Hiovsk\/pfbid02owAD8eDyedVGjhZk4uNpAa7u1ZmTBqHioseR2VVw9XFR9v3DBDmQz8DjTv5EhTSel\/\" target=\"_blank\" rel=\"noopener noreferrer nofollow\">FB<\/a><\/p><hr><p><strong>GRANABRAZO<\/strong><br>Radoslav Rus\u00edn<br>Piniov\u00e1 alej 1023, Plaveck\u00fd \u0160tvrtok 900 68<br><a href=\"mailto:radko.rusin@gmail.com\">radko.rusin@gmail.com<\/a>, <a href=\"https:\/\/www.facebook.com\/Rado.Radus\" target=\"_blank\" rel=\"noopener noreferrer nofollow\">FB<\/a><\/p><hr><p><strong>VEYA FEYA<\/strong><br>Ivan \u0160aro &amp; Lucia \u0160arov\u00e1<br>Pre\u0161ov<br><a href=\"mailto:veyafeya1@gmail.com\">veyafeya1@gmail.com<\/a>, <a href=\"https:\/\/www.veyafeya.eu\/\" target=\"_blank\" rel=\"noopener noreferrer nofollow\">https:\/\/www.veyafeya.eu\/<\/a><\/p><hr><p><strong>FRAJANKA<\/strong><br>Karel Pile\u010dek<strong><br><\/strong>U Jatek 695\/3, 392 01 Sob\u011bslav, CZ<br><a href=\"mailto:frajanka@seznam.cz\">frajanka@seznam.cz, <\/a><a href=\"http:\/\/www.borzois.webnode.cz\/\" target=\"_blank\" rel=\"noopener noreferrer nofollow\">http:\/\/www.borzois.webnode.cz<\/a><\/p><hr><p><strong>ISIDAR MITHRIM<\/strong><br>Val\u00e9ria \u010cern\u00e1kov\u00e1<strong><br><\/strong>Pod Don\u00e1tom 10, 965 01 \u017diar nad Hronom<br><a href=\"mailto:miertusovaval@gmail.com\">miertusovaval@gmail.com<\/a>, <a href=\"http:\/\/www.isidarmithrimkennel.blogspot.sk\/\" target=\"_blank\" rel=\"noopener noreferrer nofollow\">www.isidarmithrimkennel.blogspot.sk<\/a><\/p><hr><p><strong>KORROLIOV<\/strong><br>Mgr. Luk\u00e1\u0161 Jakl<strong><br><\/strong>P\u00e1lkovi\u010dova 12, 821 08 Bratislava<br><a href=\"mailto:llukas.jakl@gmail.com\">llukas.jakl@gmail.com<\/a>, <a href=\"http:\/\/www.korroliov.sk\/\" target=\"_blank\" rel=\"noopener noreferrer nofollow\">www.korroliov.sk<\/a><\/p><hr><p><strong>LENEL SLOVAKIA<\/strong><br>Lenka H\u00fa\u017eevkov\u00e1<strong><br><\/strong>L\u00faky 278, 020 53 L\u00faky<br><a href=\"mailto:lenel@azet.sk\">lenel@azet.sk<\/a>, <a href=\"http:\/\/www.chs-lenel-slovakia.webnode.sk\/\" target=\"_blank\" rel=\"noopener noreferrer nofollow\">www.chs-lenel-slovakia.webnode.sk<\/a>, <a href=\"http:\/\/www.korroliov.sk\/\" target=\"_blank\" rel=\"noopener noreferrer nofollow\"><br><\/a><a href=\"http:\/\/www.facebook.com\/brasletka.mraja\" target=\"_blank\" rel=\"noopener noreferrer nofollow\">www.facebook.com\/brasletka.mraja<\/a><\/p><hr><p><strong>PARD\u00c1L Z ASU\u00c1NU<\/strong><br>Zem\u00e1nkov\u00e1 Andrea + Hana<strong><br><\/strong>Bratislava<br><a href=\"mailto:suti@szm.sk\">suti@szm.sk<\/a><\/p><hr><p><strong>RADENA SLOVAKIA<br><\/strong>Ing. Radovan Bo\u010d\u00e1k<strong><br><\/strong>Galanta \u2013 Javorinka 119, 925 01<br><a href=\"mailto:rbx@centrum.sk\">rbx@centrum.sk<\/a>, <a href=\"http:\/\/www.radena-slovakia.net\/\" target=\"_blank\" rel=\"noopener noreferrer nofollow\">http:\/\/www.radena-slovakia.net\/<\/a><\/p><hr><p><strong>RAKOVSKY<\/strong><br>Sl\u00e1vka Boro\u0161ov\u00e1<strong><br><\/strong>Rakovo 158, 038 42 Pr\u00edbovce<br><a href=\"mailto:pattricia.b@gmail.com\">pattricia.b@gmail.com<\/a><\/p><hr><p><strong>SMIRNOWOW<\/strong><br>Ing. Milan \u0160vihor\u00edk<strong><br><\/strong>Alexyho 22, 949 11 Nitra<br><a href=\"mailto:technobarzet@pobox.sk\">technobarzet@pobox.sk<\/a>, <a href=\"http:\/\/www.netspace.sk\/borzoismirnowow\/\" target=\"_blank\" rel=\"noopener noreferrer nofollow\">www.netspace.sk\/borzoismirnowow<\/a>  <\/p><hr><p><strong>TATRANSK\u00c1 LABKA<\/strong><br>Andrea Bystrick\u00e1<strong><br><\/strong>Sl\u00e1dkovi\u010dova 60, 059 21 Svit<br><a href=\"mailto:ab.kynology@gmail.com\">ab.kynology@gmail.com<\/a><\/p><hr><p><strong>TCHAIKOWSKIJ<\/strong><br>Vojtech Schmiedt<strong><br><\/strong>Mlados\u0165 10, 044 25 Medzev<br><a href=\"mailto:tschaikowskij@szm.sk\">tschaikowskij@szm.sk<\/a>, <a href=\"http:\/\/www.tschaikowskij.com\/\" target=\"_blank\" rel=\"noopener noreferrer nofollow\">www.tschaikowskij.com<\/a><\/p><hr><p><strong>UKEREWE<\/strong><br>Dagmar Baulovi\u010dov\u00e1<br>Sv\u00e4toplukova 1, 902 01 Pezinok<br><a href=\"mailto:areteg@gmail.com\">areteg@gmail.com<\/a>,<a href=\"https:\/\/www.ukerewe.wbs.cz\" target=\"_blank\" rel=\"noopener noreferrer nofollow\">https:\/\/www.ukerewe.wbs.cz<\/a><\/p><hr><p><strong>VIACHEVALIER<\/strong><br>Lenka Matu\u0161\u00e1kov\u00e1 Kasan\u010d\u00edkov\u00e1<br>Tatransk\u00e1 1917\/8, 03484 Ru\u017eomberok<br><a href=\"mailto:lenka.matusakova@gmail.com\">lenka.matusakova@gmail.com<\/a><\/p><\/div><\/div>\t\t\t\t\t\t\t\t<\/div>\n\t\t\t\t<\/div>\n\t\t\t\t\t<\/div>\n\t\t\t\t<\/div>\n\t\t\t\t<\/div>\n\t\t","protected":false},"excerpt":{"rendered":"<p>ARSINO\u00c9Peter RizmanTimravy 8\/27, Martin \u2013 Podh\u00e1j, 036 01arsinoep@pobox.sk, www.arsinoe.sk BARNECO STAR OF HIGHLANDSJozef Gvo\u017ediakVetern\u00e1 510, 930 41 Hviezdoslavovjozef.gvozdiak@gmail.com CZ\u00c1RI FALKAZuzana Spi\u0161iakov\u00e1S\u00e1do\u010dn\u00e9 33 Domani\u017ea 018 16 czarifalka@gmail.com, www.czarifalka.webnode.sk ESMONDRA BELLEREAPhDr. Alexandra Hi\u013eovsk\u00e1Krakovsk\u00e1 13, 040 01 Ko\u0161ice esmondra.bellerea@gmail.com, FB GRANABRAZORadoslav Rus\u00ednPiniov\u00e1 alej 1023, Plaveck\u00fd \u0160tvrtok 900 68radko.rusin@gmail.com, FB VEYA FEYAIvan \u0160aro &amp; Lucia \u0160arov\u00e1Pre\u0161ovveyafeya1@gmail.com, https:\/\/www.veyafeya.eu\/ FRAJANKAKarel Pile\u010dekU [&hellip;]<\/p>\n","protected":false},"author":1,"featured_media":0,"parent":6644,"menu_order":0,"comment_status":"closed","ping_status":"closed","template":"","meta":{"slim_seo":{"title":"Kennels borsoi - KCHCH","description":"ARSINO\u00c9 Peter Rizman Timravy 8\/27, Martin \u2013 Podh\u00e1j, 036 01 arsinoep@pobox.sk , www.arsinoe.sk BARNECO STAR OF HIGHLANDS Jozef Gvo\u017ediak Vetern\u00e1 510, 930 41 Hviez"},"iawp_total_views":38,"footnotes":""},"class_list":["post-5538","page","type-page","status-publish","hentry"],"_links":{"self":[{"href":"https:\/\/www.kchch.sk\/en\/wp-json\/wp\/v2\/pages\/5538","targetHints":{"allow":["GET"]}}],"collection":[{"href":"https:\/\/www.kchch.sk\/en\/wp-json\/wp\/v2\/pages"}],"about":[{"href":"https:\/\/www.kchch.sk\/en\/wp-json\/wp\/v2\/types\/page"}],"author":[{"embeddable":true,"href":"https:\/\/www.kchch.sk\/en\/wp-json\/wp\/v2\/users\/1"}],"replies":[{"embeddable":true,"href":"https:\/\/www.kchch.sk\/en\/wp-json\/wp\/v2\/comments?post=5538"}],"version-history":[{"count":0,"href":"https:\/\/www.kchch.sk\/en\/wp-json\/wp\/v2\/pages\/5538\/revisions"}],"up":[{"embeddable":true,"href":"https:\/\/www.kchch.sk\/en\/wp-json\/wp\/v2\/pages\/6644"}],"wp:attachment":[{"href":"https:\/\/www.kchch.sk\/en\/wp-json\/wp\/v2\/media?parent=5538"}],"curies":[{"name":"wp","href":"https:\/\/api.w.org\/{rel}","templated":true}]}}