{"id":6127,"date":"2023-02-24T19:38:13","date_gmt":"2023-02-24T18:38:13","guid":{"rendered":"https:\/\/www.kchch.sk\/deerhound\/kennels-deerhound\/"},"modified":"2023-03-19T08:47:34","modified_gmt":"2023-03-19T07:47:34","slug":"kennels-deerhound","status":"publish","type":"page","link":"https:\/\/www.kchch.sk\/en\/deerhound\/kennels-deerhound\/","title":{"rendered":"Kennels Deerhound"},"content":{"rendered":"\t\t<div data-elementor-type=\"wp-page\" data-elementor-id=\"6127\" class=\"elementor elementor-6127 elementor-3260\" data-elementor-post-type=\"page\">\n\t\t\t\t<div class=\"elementor-element elementor-element-2ed81ee e-flex e-con-boxed e-con e-parent\" data-id=\"2ed81ee\" data-element_type=\"container\" data-e-type=\"container\">\n\t\t\t\t\t<div class=\"e-con-inner\">\n\t\t\t\t<div class=\"elementor-element elementor-element-e5a9bed elementor-widget elementor-widget-text-editor\" data-id=\"e5a9bed\" data-element_type=\"widget\" data-e-type=\"widget\" data-widget_type=\"text-editor.default\">\n\t\t\t\t<div class=\"elementor-widget-container\">\n\t\t\t\t\t\t\t\t\t<p><strong>GAIDHEAL<\/strong><br \/>Ing. Barbora Lagov\u00e1<br \/>039 01 \u010cremo\u0161n\u00e9 57<br \/><a title=\"mailto:gaidheal@iws.sk\" href=\"mailto:gaidheal@iws.sk\">gaidheal@iws.sk<\/a><\/p>\n\t\t\t\t\t\t\t\t<\/div>\n\t\t\t\t<\/div>\n\t\t\t\t\t<\/div>\n\t\t\t\t<\/div>\n\t\t\t\t<\/div>\n\t\t","protected":false},"excerpt":{"rendered":"<p>GAIDHEALIng. Barbora Lagov\u00e1039 01 \u010cremo\u0161n\u00e9 57gaidheal@iws.sk<\/p>\n","protected":false},"author":1,"featured_media":0,"parent":6092,"menu_order":0,"comment_status":"closed","ping_status":"closed","template":"","meta":{"slim_seo":{"title":"Kennels Deerhound - KCHCH","description":"GAIDHEAL Ing. Barbora Lagov\u00e1 039 01 \u010cremo\u0161n\u00e9 57 gaidheal@iws.sk"},"iawp_total_views":22,"footnotes":""},"class_list":["post-6127","page","type-page","status-publish","hentry"],"_links":{"self":[{"href":"https:\/\/www.kchch.sk\/en\/wp-json\/wp\/v2\/pages\/6127","targetHints":{"allow":["GET"]}}],"collection":[{"href":"https:\/\/www.kchch.sk\/en\/wp-json\/wp\/v2\/pages"}],"about":[{"href":"https:\/\/www.kchch.sk\/en\/wp-json\/wp\/v2\/types\/page"}],"author":[{"embeddable":true,"href":"https:\/\/www.kchch.sk\/en\/wp-json\/wp\/v2\/users\/1"}],"replies":[{"embeddable":true,"href":"https:\/\/www.kchch.sk\/en\/wp-json\/wp\/v2\/comments?post=6127"}],"version-history":[{"count":0,"href":"https:\/\/www.kchch.sk\/en\/wp-json\/wp\/v2\/pages\/6127\/revisions"}],"up":[{"embeddable":true,"href":"https:\/\/www.kchch.sk\/en\/wp-json\/wp\/v2\/pages\/6092"}],"wp:attachment":[{"href":"https:\/\/www.kchch.sk\/en\/wp-json\/wp\/v2\/media?parent=6127"}],"curies":[{"name":"wp","href":"https:\/\/api.w.org\/{rel}","templated":true}]}}