{"id":6656,"date":"2023-02-24T19:02:43","date_gmt":"2023-02-24T18:02:43","guid":{"rendered":"https:\/\/www.kchch.sk\/polsky-chrt\/kennels-chart-polski\/"},"modified":"2023-03-29T15:23:04","modified_gmt":"2023-03-29T13:23:04","slug":"kennels-chart-polski","status":"publish","type":"page","link":"https:\/\/www.kchch.sk\/en\/polsky-chrt\/kennels-chart-polski\/","title":{"rendered":"Kennels Chart Polski"},"content":{"rendered":"\t\t<div data-elementor-type=\"wp-page\" data-elementor-id=\"6656\" class=\"elementor elementor-6656 elementor-3196\" data-elementor-post-type=\"page\">\n\t\t\t\t<div class=\"elementor-element elementor-element-7a45621 e-flex e-con-boxed e-con e-parent\" data-id=\"7a45621\" data-element_type=\"container\" data-e-type=\"container\">\n\t\t\t\t\t<div class=\"e-con-inner\">\n\t\t\t\t<div class=\"elementor-element elementor-element-6e537a5 elementor-widget elementor-widget-text-editor\" data-id=\"6e537a5\" data-element_type=\"widget\" data-e-type=\"widget\" data-widget_type=\"text-editor.default\">\n\t\t\t\t<div class=\"elementor-widget-container\">\n\t\t\t\t\t\t\t\t\t<p style=\"text-align: left;\">ANA\u00b4AYIZ AR\u00daH DELENIMENTUM<\/p>\n<p style=\"text-align: left;\" align=\"center\">Veronika Mad\u017eov\u00e1<b><br \/><\/b>Pre\u0161ov, Slovakia<br \/><a href=\"mailto:dryada.vila.stromu@gmail.com\">dryada.vila.stromu@gmail.com<\/a>, <a href=\"http:\/\/delenimentum.webnode.sk\/\" target=\"_blank\" rel=\"noopener noreferrer nofollow\">http:\/\/delenimentum.webnode.sk\/<\/a><\/p>\n\t\t\t\t\t\t\t\t<\/div>\n\t\t\t\t<\/div>\n\t\t\t\t\t<\/div>\n\t\t\t\t<\/div>\n\t\t\t\t<\/div>\n\t\t","protected":false},"excerpt":{"rendered":"<p>ANA\u00b4AYIZ AR\u00daH DELENIMENTUM Veronika Mad\u017eov\u00e1Pre\u0161ov, Slovakiadryada.vila.stromu@gmail.com, http:\/\/delenimentum.webnode.sk\/<\/p>\n","protected":false},"author":1,"featured_media":0,"parent":5403,"menu_order":0,"comment_status":"closed","ping_status":"closed","template":"","meta":{"slim_seo":{"title":"Kennels Chart Polski - KCHCH","description":"ANA\u00b4AYIZ AR\u00daH DELENIMENTUM Veronika Mad\u017eov\u00e1 Pre\u0161ov, Slovakia dryada.vila.stromu@gmail.com , http:\/\/delenimentum.webnode.sk\/"},"iawp_total_views":14,"footnotes":""},"class_list":["post-6656","page","type-page","status-publish","hentry"],"_links":{"self":[{"href":"https:\/\/www.kchch.sk\/en\/wp-json\/wp\/v2\/pages\/6656","targetHints":{"allow":["GET"]}}],"collection":[{"href":"https:\/\/www.kchch.sk\/en\/wp-json\/wp\/v2\/pages"}],"about":[{"href":"https:\/\/www.kchch.sk\/en\/wp-json\/wp\/v2\/types\/page"}],"author":[{"embeddable":true,"href":"https:\/\/www.kchch.sk\/en\/wp-json\/wp\/v2\/users\/1"}],"replies":[{"embeddable":true,"href":"https:\/\/www.kchch.sk\/en\/wp-json\/wp\/v2\/comments?post=6656"}],"version-history":[{"count":0,"href":"https:\/\/www.kchch.sk\/en\/wp-json\/wp\/v2\/pages\/6656\/revisions"}],"up":[{"embeddable":true,"href":"https:\/\/www.kchch.sk\/en\/wp-json\/wp\/v2\/pages\/5403"}],"wp:attachment":[{"href":"https:\/\/www.kchch.sk\/en\/wp-json\/wp\/v2\/media?parent=6656"}],"curies":[{"name":"wp","href":"https:\/\/api.w.org\/{rel}","templated":true}]}}